{"id":130,"date":"2025-05-08T07:53:20","date_gmt":"2025-05-08T07:53:20","guid":{"rendered":"http:\/\/localhost\/carers-help\/?page_id=130"},"modified":"2025-10-15T16:44:34","modified_gmt":"2025-10-15T16:44:34","slug":"faq","status":"publish","type":"page","link":"https:\/\/carershelp.com\/de\/faq\/","title":{"rendered":"H\u00e4ufig gestellte Fragen"},"content":{"rendered":"<div  class=\"ewd-ufaq-faq-list ewd-ufaq-page-type-distinct ewd-ufaq-category-tabs-\" id='ewd-ufaq-faq-list'>\n\n\t<input type='hidden' name='show_on_load' value='' id='ewd-ufaq-show-on-load' \/>\n<input type='hidden' name='include_category' value='' id='ewd-ufaq-include-category' \/>\n<input type='hidden' name='exclude_category' value='' id='ewd-ufaq-exclude-category' \/>\n<input type='hidden' name='orderby' value='title' id='ewd-ufaq-orderby' \/>\n<input type='hidden' name='order' value='asc' id='ewd-ufaq-order' \/>\n<input type='hidden' name='post_count' value='-1' id='ewd-ufaq-post-count' \/>\n<input type='hidden' name='current_url' value='\/de\/wp-json\/wp\/v2\/pages\/130' id='ewd-ufaq-current-url' \/>\n\t\n\t\n\t<div class='ewd-ufaq-faqs'>\n\n\t\t<div  class=\"ewd-ufaq-faq-div ewd-ufaq-faq-column-count-one ewd-ufaq-faq-responsive-columns- ewd-ufaq-faq-display-style-default ewd-ufaq-can-be-toggled\" id='ewd-ufaq-post-129-iGKcm7GfSk' data-post_id='129'>\n\n\t\t\n\t<div class='ewd-ufaq-faq-title ewd-ufaq-faq-toggle'>\n\t\n\t<a class='ewd-ufaq-post-margin'  href='#' role=\"button\">\n\n\t\t<div class='ewd-ufaq-post-margin-symbol ewd-ufaq-'>\n\t\t\t<span >a<\/span>\n\t\t<\/div>\n\n\t\t<div class='ewd-ufaq-faq-title-text'>\n\n\t\t\t<h4>\n\t\t\t\tKann ich das Konto von Administrator zu Pflegekraft und umgekehrt \u00e4ndern?\t\t\t<\/h4>\n\n\t\t<\/div>\n\n\t\t<div class='ewd-ufaq-clear'><\/div>\n\n\t<\/a>\n\t\n<\/div>\n\t\n\t<div class='ewd-ufaq-faq-body ewd-ufaq-hidden' >\n\n\t\t\n\t\t\t\n\t\t\n\t\t\t<div class='ewd-ufaq-post-margin ewd-ufaq-faq-post'>\n\t<p><span style=\"font-weight: 400\">Ja, in Ihrem Profil k\u00f6nnen Sie das Konto von Pflegekraft zu <\/span><span style=\"font-weight: 400\">Administrator <\/span><span style=\"font-weight: 400\">und umgekehrt \u00e4ndern, indem Sie den Schalter mit der Bezeichnung \u201ePflegekraft\u201c aktivieren oder deaktivieren. So k\u00f6nnen Sie ein \u201ePflegekraft\u201c-Konto haben, wenn Sie als Pflegekraft f\u00fcr eine Familie arbeiten oder ein Familienmitglied sind, das einfach auf dem Laufenden bleiben m\u00f6chte, und ein <\/span><span style=\"font-weight: 400\">\u201eAdmin<\/span><span style=\"font-weight: 400\">\u201c-Konto, wenn die Familienmitglieder Ihres Klienten kein Konto erstellt haben oder wenn Sie auch einen geliebten Menschen verwalten.<\/span><\/p>\n<\/div>\n\t\t\n\t\t\t\n\t\t\n\t\t\t\n\t\t\n\t\t\t\n\t\t\n\t\t\t\n\t\t\n\t\t\t\n\t\t\n\t\t\t\n\t\t\n\t\t\t\n\t\t\n\t\t\t\n\t\t\n\t<\/div>\n\n<\/div><div  class=\"ewd-ufaq-faq-div ewd-ufaq-faq-column-count-one ewd-ufaq-faq-responsive-columns- ewd-ufaq-faq-display-style-default ewd-ufaq-can-be-toggled\" id='ewd-ufaq-post-128-5oE8Ny52ZQ' data-post_id='128'>\n\n\t\t\n\t<div class='ewd-ufaq-faq-title ewd-ufaq-faq-toggle'>\n\t\n\t<a class='ewd-ufaq-post-margin'  href='#' role=\"button\">\n\n\t\t<div class='ewd-ufaq-post-margin-symbol ewd-ufaq-'>\n\t\t\t<span >a<\/span>\n\t\t<\/div>\n\n\t\t<div class='ewd-ufaq-faq-title-text'>\n\n\t\t\t<h4>\n\t\t\t\tWie registriere ich mich? Admin oder Pflegekraft?\t\t\t<\/h4>\n\n\t\t<\/div>\n\n\t\t<div class='ewd-ufaq-clear'><\/div>\n\n\t<\/a>\n\t\n<\/div>\n\t\n\t<div class='ewd-ufaq-faq-body ewd-ufaq-hidden' >\n\n\t\t\n\t\t\t\n\t\t\n\t\t\t<div class='ewd-ufaq-post-margin ewd-ufaq-faq-post'>\n\t<p><span style=\"font-weight: 400\">Wenn Sie derjenige sind, der Pflegeschichten zuweist, Termine bucht, Ausgaben organisiert und generell die Pflege Ihres geliebten Menschen verwaltet, dann registrieren Sie sich als Manager und k\u00f6nnen Familienmitglieder und Pflegekr\u00e4fte einladen, sich als Pflegekraft f\u00fcr Ihr Konto zu registrieren. Wenn Sie ein Familienmitglied oder Freund sind, der helfen m\u00f6chte, dann registrieren Sie sich als Pflegekraft und nehmen Sie die Einladung des <\/span><span style=\"font-weight: 400\">Administrators <\/span><span style=\"font-weight: 400\">an oder laden Sie das Familienmitglied ein, welches die Verwaltung \u00fcbernehmen wird. Wenn Sie eine Pflegekraft sind, die von jemandem angestellt wurde, der bereits ein Konto als <\/span><span style=\"font-weight: 400\">Administrator <\/span><span style=\"font-weight: 400\">hat, registrieren Sie sich als Pflegekraft und nehmen Sie dessen Einladung an oder senden Sie die Einladung an den <\/span><span style=\"font-weight: 400\">Administrator<\/span><span style=\"font-weight: 400\">, um die Konten zu verbinden.<\/span><\/p>\n<\/div>\n\t\t\n\t\t\t\n\t\t\n\t\t\t\n\t\t\n\t\t\t\n\t\t\n\t\t\t\n\t\t\n\t\t\t\n\t\t\n\t\t\t\n\t\t\n\t\t\t\n\t\t\n\t\t\t\n\t\t\n\t<\/div>\n\n<\/div><div  class=\"ewd-ufaq-faq-div ewd-ufaq-faq-column-count-one ewd-ufaq-faq-responsive-columns- ewd-ufaq-faq-display-style-default ewd-ufaq-can-be-toggled\" id='ewd-ufaq-post-127-yaFx0tQgMe' data-post_id='127'>\n\n\t\t\n\t<div class='ewd-ufaq-faq-title ewd-ufaq-faq-toggle'>\n\t\n\t<a class='ewd-ufaq-post-margin'  href='#' role=\"button\">\n\n\t\t<div class='ewd-ufaq-post-margin-symbol ewd-ufaq-'>\n\t\t\t<span >a<\/span>\n\t\t<\/div>\n\n\t\t<div class='ewd-ufaq-faq-title-text'>\n\n\t\t\t<h4>\n\t\t\t\tWie viel kostet es?\t\t\t<\/h4>\n\n\t\t<\/div>\n\n\t\t<div class='ewd-ufaq-clear'><\/div>\n\n\t<\/a>\n\t\n<\/div>\n\t\n\t<div class='ewd-ufaq-faq-body ewd-ufaq-hidden' >\n\n\t\t\n\t\t\t\n\t\t\n\t\t\t<div class='ewd-ufaq-post-margin ewd-ufaq-faq-post'>\n\t<p><span style=\"font-weight: 400\">Carers Help kann kostenlos heruntergeladen und genutzt werden, aber einige Funktionen sind nur zug\u00e4nglich, wenn der <\/span><span style=\"font-weight: 400\">Verwalter <\/span><span style=\"font-weight: 400\">des Kontos die Premium-Version f\u00fcr 12,99 \u20ac pro Jahr abonniert. F\u00fcr Pflegekr\u00e4fte ist die Nutzung immer kostenlos.<\/span><\/p>\n<\/div>\n\t\t\n\t\t\t\n\t\t\n\t\t\t\n\t\t\n\t\t\t\n\t\t\n\t\t\t\n\t\t\n\t\t\t\n\t\t\n\t\t\t\n\t\t\n\t\t\t\n\t\t\n\t\t\t\n\t\t\n\t<\/div>\n\n<\/div><div  class=\"ewd-ufaq-faq-div ewd-ufaq-faq-column-count-one ewd-ufaq-faq-responsive-columns- ewd-ufaq-faq-display-style-default ewd-ufaq-can-be-toggled\" id='ewd-ufaq-post-126-Q0zbTFnWoB' data-post_id='126'>\n\n\t\t\n\t<div class='ewd-ufaq-faq-title ewd-ufaq-faq-toggle'>\n\t\n\t<a class='ewd-ufaq-post-margin'  href='#' role=\"button\">\n\n\t\t<div class='ewd-ufaq-post-margin-symbol ewd-ufaq-'>\n\t\t\t<span >a<\/span>\n\t\t<\/div>\n\n\t\t<div class='ewd-ufaq-faq-title-text'>\n\n\t\t\t<h4>\n\t\t\t\tAuf welchen Ger\u00e4ten ist Carers Help verf\u00fcgbar?\t\t\t<\/h4>\n\n\t\t<\/div>\n\n\t\t<div class='ewd-ufaq-clear'><\/div>\n\n\t<\/a>\n\t\n<\/div>\n\t\n\t<div class='ewd-ufaq-faq-body ewd-ufaq-hidden' >\n\n\t\t\n\t\t\t\n\t\t\n\t\t\t<div class='ewd-ufaq-post-margin ewd-ufaq-faq-post'>\n\t<p><span style=\"font-weight: 400\">Sie k\u00f6nnen Carers Help auf iOS- und Android-Ger\u00e4te herunterladen.<\/span><\/p>\n<\/div>\n\t\t\n\t\t\t\n\t\t\n\t\t\t\n\t\t\n\t\t\t\n\t\t\n\t\t\t\n\t\t\n\t\t\t\n\t\t\n\t\t\t\n\t\t\n\t\t\t\n\t\t\n\t\t\t\n\t\t\n\t<\/div>\n\n<\/div>\n\t<\/div>\n\n\t\n<\/div>\n","protected":false},"excerpt":{"rendered":"<p>A Auf welchen Ger\u00e4ten ist Carers Help verf\u00fcgbar? Sie k\u00f6nnen Carers Help auf iOS- und Android-Ger\u00e4te herunterladen.<\/p>\n","protected":false},"author":1,"featured_media":0,"parent":0,"menu_order":0,"comment_status":"closed","ping_status":"closed","template":"template\/faq.php","meta":{"_acf_changed":false,"inline_featured_image":false,"footnotes":""},"class_list":["post-130","page","type-page","status-publish","hentry","entry"],"acf":[],"yoast_head":"<!-- This site is optimized with the Yoast SEO plugin v26.6 - https:\/\/yoast.com\/wordpress\/plugins\/seo\/ -->\n<title>H\u00e4ufig gestellte Fragen<\/title>\n<meta name=\"robots\" content=\"index, follow, max-snippet:-1, max-image-preview:large, max-video-preview:-1\" \/>\n<link rel=\"canonical\" href=\"https:\/\/carershelp.com\/de\/faq\/\" \/>\n<meta property=\"og:locale\" content=\"de_DE\" \/>\n<meta property=\"og:locale:alternate\" content=\"en_AU\" \/>\n<meta property=\"og:locale:alternate\" content=\"it_IT\" \/>\n<meta property=\"og:locale:alternate\" content=\"es_ES\" \/>\n<meta property=\"og:locale:alternate\" content=\"ro_RO\" \/>\n<meta property=\"og:type\" content=\"article\" \/>\n<meta property=\"og:title\" content=\"H\u00e4ufig gestellte Fragen\" \/>\n<meta property=\"og:description\" content=\"A Auf welchen Ger\u00e4ten ist Carers Help verf\u00fcgbar? Sie k\u00f6nnen Carers Help auf iOS- und Android-Ger\u00e4te herunterladen.\" \/>\n<meta property=\"og:url\" content=\"https:\/\/carershelp.com\/de\/ufaq\/on-what-devices-is-carers-help-available\/\" \/>\n<meta property=\"og:site_name\" content=\"Carers Help\" \/>\n<meta property=\"article:modified_time\" content=\"2025-10-15T16:44:34+00:00\" \/>\n<meta name=\"twitter:card\" content=\"summary_large_image\" \/>\n<script type=\"application\/ld+json\" class=\"yoast-schema-graph\">{\"@context\":\"https:\/\/schema.org\",\"@graph\":[{\"@type\":\"WebPage\",\"@id\":\"https:\/\/carershelp.com\/faq\/\",\"url\":\"https:\/\/carershelp.com\/faq\/\",\"name\":\"H\u00e4ufig gestellte Fragen\",\"isPartOf\":{\"@id\":\"https:\/\/carershelp.com\/#website\"},\"datePublished\":\"2025-05-08T07:53:20+00:00\",\"dateModified\":\"2025-10-15T16:44:34+00:00\",\"breadcrumb\":{\"@id\":\"https:\/\/carershelp.com\/faq\/#breadcrumb\"},\"inLanguage\":\"de-DE\",\"potentialAction\":[{\"@type\":\"ReadAction\",\"target\":[\"https:\/\/carershelp.com\/faq\/\"]}]},{\"@type\":\"BreadcrumbList\",\"@id\":\"https:\/\/carershelp.com\/faq\/#breadcrumb\",\"itemListElement\":[{\"@type\":\"ListItem\",\"position\":1,\"name\":\"Home\",\"item\":\"https:\/\/carershelp.com\/it\/\"},{\"@type\":\"ListItem\",\"position\":2,\"name\":\"FAQ\"}]},{\"@type\":\"WebSite\",\"@id\":\"https:\/\/carershelp.com\/#website\",\"url\":\"https:\/\/carershelp.com\/\",\"name\":\"Carers Help\",\"description\":\"\",\"potentialAction\":[{\"@type\":\"SearchAction\",\"target\":{\"@type\":\"EntryPoint\",\"urlTemplate\":\"https:\/\/carershelp.com\/?s={search_term_string}\"},\"query-input\":{\"@type\":\"PropertyValueSpecification\",\"valueRequired\":true,\"valueName\":\"search_term_string\"}}],\"inLanguage\":\"de-DE\"}]}<\/script>\n<!-- \/ Yoast SEO plugin. -->","yoast_head_json":{"title":"H\u00e4ufig gestellte Fragen","robots":{"index":"index","follow":"follow","max-snippet":"max-snippet:-1","max-image-preview":"max-image-preview:large","max-video-preview":"max-video-preview:-1"},"canonical":"https:\/\/carershelp.com\/de\/faq\/","og_locale":"de_DE","og_type":"article","og_title":"[:en]FAQ[:it]Domande frequenti[:de]H\u00e4ufig gestellte Fragen[:es]FAQ[:ro]\u00centreb\u0103ri frecvente[:] - Carers Help","og_description":"A Auf welchen Ger\u00e4ten ist Carers Help verf\u00fcgbar? Sie k\u00f6nnen Carers Help auf iOS- und Android-Ger\u00e4te herunterladen.","og_url":"https:\/\/carershelp.com\/de\/ufaq\/on-what-devices-is-carers-help-available\/","og_site_name":"Carers Help","article_modified_time":"2025-10-15T16:44:34+00:00","twitter_card":"summary_large_image","schema":{"@context":"https:\/\/schema.org","@graph":[{"@type":"WebPage","@id":"https:\/\/carershelp.com\/faq\/","url":"https:\/\/carershelp.com\/faq\/","name":"H\u00e4ufig gestellte Fragen","isPartOf":{"@id":"https:\/\/carershelp.com\/#website"},"datePublished":"2025-05-08T07:53:20+00:00","dateModified":"2025-10-15T16:44:34+00:00","breadcrumb":{"@id":"https:\/\/carershelp.com\/faq\/#breadcrumb"},"inLanguage":"de-DE","potentialAction":[{"@type":"ReadAction","target":["https:\/\/carershelp.com\/faq\/"]}]},{"@type":"BreadcrumbList","@id":"https:\/\/carershelp.com\/faq\/#breadcrumb","itemListElement":[{"@type":"ListItem","position":1,"name":"Home","item":"https:\/\/carershelp.com\/it\/"},{"@type":"ListItem","position":2,"name":"FAQ"}]},{"@type":"WebSite","@id":"https:\/\/carershelp.com\/#website","url":"https:\/\/carershelp.com\/","name":"Carers Help","description":"","potentialAction":[{"@type":"SearchAction","target":{"@type":"EntryPoint","urlTemplate":"https:\/\/carershelp.com\/?s={search_term_string}"},"query-input":{"@type":"PropertyValueSpecification","valueRequired":true,"valueName":"search_term_string"}}],"inLanguage":"de-DE"}]}},"_links":{"self":[{"href":"https:\/\/carershelp.com\/de\/wp-json\/wp\/v2\/pages\/130","targetHints":{"allow":["GET"]}}],"collection":[{"href":"https:\/\/carershelp.com\/de\/wp-json\/wp\/v2\/pages"}],"about":[{"href":"https:\/\/carershelp.com\/de\/wp-json\/wp\/v2\/types\/page"}],"author":[{"embeddable":true,"href":"https:\/\/carershelp.com\/de\/wp-json\/wp\/v2\/users\/1"}],"replies":[{"embeddable":true,"href":"https:\/\/carershelp.com\/de\/wp-json\/wp\/v2\/comments?post=130"}],"version-history":[{"count":12,"href":"https:\/\/carershelp.com\/de\/wp-json\/wp\/v2\/pages\/130\/revisions"}],"predecessor-version":[{"id":645,"href":"https:\/\/carershelp.com\/de\/wp-json\/wp\/v2\/pages\/130\/revisions\/645"}],"wp:attachment":[{"href":"https:\/\/carershelp.com\/de\/wp-json\/wp\/v2\/media?parent=130"}],"curies":[{"name":"wp","href":"https:\/\/api.w.org\/{rel}","templated":true}]}}