{"id":142,"date":"2025-05-08T12:51:15","date_gmt":"2025-05-08T12:51:15","guid":{"rendered":"http:\/\/localhost\/carers-help\/?page_id=142"},"modified":"2026-03-02T13:13:07","modified_gmt":"2026-03-02T13:13:07","slug":"about","status":"publish","type":"page","link":"https:\/\/carershelp.com\/de\/about\/","title":{"rendered":"\u00dcber uns"},"content":{"rendered":"<h2><b>Carers Help: Ihr Partner in der Pflege<\/b><\/h2>\n<h3><span style=\"font-weight: 400;\">Die Verwaltung der Pflege eines geliebten Menschen mit Demenz oder Alzheimer kann eine Herausforderung sein. Wir bei Carers Help verstehen die Herausforderungen, mit denen Familien konfrontiert sind, und sind hier, um Sie bei jedem Schritt zu unterst\u00fctzen. <\/span><\/h3>\n<p><span style=\"font-weight: 400;\">Unsere App vereinfacht die Koordination und Verwaltung der Pflege, indem sie eine zentrale Plattform zur Verf\u00fcgung stellt, um die Pflegekr\u00e4fte, die sich um Ihre \u00e4lteren Angeh\u00f6rigen k\u00fcmmern, zu \u00fcberwachen, mit ihnen zu kommunizieren und sie zu unterst\u00fctzen. Egal, ob Sie Schichten planen, Pflegepl\u00e4ne \u00fcberwachen oder wichtige Neuigkeiten mit Ihrem Pflegeteam teilen wollen \u2013 Carers Help macht es einfach, sicherzustellen, dass Ihr Angeh\u00f6riger die konstante und aufmerksame Pflege erh\u00e4lt, die er verdient. Mit Carers Help k\u00f6nnen Sie:<\/span><\/p>\n<ul>\n<li style=\"font-weight: 400;\" aria-level=\"1\"><span style=\"font-weight: 400;\">Schichten von Pflegekr\u00e4ften und Familienmitgliedern einfach planen und \u00fcberwachen<\/span><\/li>\n<li style=\"font-weight: 400;\" aria-level=\"1\"><span style=\"font-weight: 400;\">Updates und Notizen in Echtzeit mit Pflegekr\u00e4ften und Familienmitgliedern teilen<\/span><\/li>\n<li style=\"font-weight: 400;\" aria-level=\"1\"><span style=\"font-weight: 400;\">\u00dcberstunden von Pflegekr\u00e4ften verwalten<\/span><\/li>\n<li style=\"font-weight: 400;\" aria-level=\"1\"><span style=\"font-weight: 400;\">Kleine Ausgaben aus der Kasse im Auge behalten<\/span><\/li>\n<li style=\"font-weight: 400;\" aria-level=\"1\"><span style=\"font-weight: 400;\">Erinnerungen einstellen<\/span><\/li>\n<li style=\"font-weight: 400;\" aria-level=\"1\"><span style=\"font-weight: 400;\">Aufgaben zuweisen<\/span><\/li>\n<li style=\"font-weight: 400;\" aria-level=\"1\"><span style=\"font-weight: 400;\">Medikamentenbestand verwalten<\/span><\/li>\n<\/ul>\n<p><span style=\"font-weight: 400;\">Bleiben Sie mit Ihren Liebsten in Kontakt, wo immer Sie sind.<\/span><\/p>\n","protected":false},"excerpt":{"rendered":"<p>Carers Help: Ihr Partner in der Pflege Die Verwaltung der Pflege eines geliebten Menschen mit Demenz oder Alzheimer kann eine Herausforderung sein. Wir bei Carers Help verstehen die Herausforderungen, mit denen Familien konfrontiert sind, und sind hier, um Sie bei jedem Schritt zu unterst\u00fctzen. Unsere App vereinfacht die Koordination und Verwaltung der Pflege, indem sie&hellip; <a class=\"more-link\" href=\"https:\/\/carershelp.com\/de\/about\/\"><span class=\"screen-reader-text\">\u00dcber uns<\/span> weiterlesen<\/a><\/p>\n","protected":false},"author":1,"featured_media":151,"parent":0,"menu_order":0,"comment_status":"closed","ping_status":"closed","template":"template\/about.php","meta":{"_acf_changed":false,"inline_featured_image":false,"footnotes":""},"class_list":["post-142","page","type-page","status-publish","has-post-thumbnail","hentry","entry"],"acf":[],"yoast_head":"<!-- This site is optimized with the Yoast SEO plugin v26.6 - https:\/\/yoast.com\/wordpress\/plugins\/seo\/ -->\n<title>\u00dcber uns<\/title>\n<meta name=\"description\" content=\"Die Verwaltung der Pflege eines geliebten Menschen mit Demenz oder Alzheimer kann eine Herausforderung sein. Wir bei Carers Help verstehen die Herausforderungen, mit denen Familien konfrontiert sind, und sind hier, um Sie bei jedem Schritt zu unterst\u00fctzen.\" \/>\n<meta name=\"robots\" content=\"index, follow, max-snippet:-1, max-image-preview:large, max-video-preview:-1\" \/>\n<link rel=\"canonical\" href=\"https:\/\/carershelp.com\/de\/about\/\" \/>\n<meta property=\"og:locale\" content=\"de_DE\" \/>\n<meta property=\"og:locale:alternate\" content=\"en_AU\" \/>\n<meta property=\"og:locale:alternate\" content=\"it_IT\" \/>\n<meta property=\"og:locale:alternate\" content=\"es_ES\" \/>\n<meta property=\"og:locale:alternate\" content=\"ro_RO\" \/>\n<meta property=\"og:type\" content=\"article\" \/>\n<meta property=\"og:title\" content=\"\u00dcber uns\" \/>\n<meta property=\"og:description\" content=\"Die Verwaltung der Pflege eines geliebten Menschen mit Demenz oder Alzheimer kann eine Herausforderung sein. Wir bei Carers Help verstehen die Herausforderungen, mit denen Familien konfrontiert sind, und sind hier, um Sie bei jedem Schritt zu unterst\u00fctzen.\" \/>\n<meta property=\"og:url\" content=\"https:\/\/carershelp.com\/de\/about\/\" \/>\n<meta property=\"og:site_name\" content=\"Carers Help\" \/>\n<meta property=\"article:modified_time\" content=\"2026-03-02T13:13:07+00:00\" \/>\n<meta property=\"og:image\" content=\"https:\/\/carershelp.com\/wp-content\/uploads\/2025\/05\/about-img.jpg\" \/>\n\t<meta property=\"og:image:width\" content=\"446\" \/>\n\t<meta property=\"og:image:height\" content=\"443\" \/>\n\t<meta property=\"og:image:type\" content=\"image\/jpeg\" \/>\n<meta name=\"twitter:card\" content=\"summary_large_image\" \/>\n<meta name=\"twitter:label1\" content=\"Gesch\u00e4tzte Lesezeit\" \/>\n\t<meta name=\"twitter:data1\" content=\"1\u00a0Minute\" \/>\n<script type=\"application\/ld+json\" class=\"yoast-schema-graph\">{\"@context\":\"https:\/\/schema.org\",\"@graph\":[{\"@type\":\"WebPage\",\"@id\":\"https:\/\/carershelp.com\/ro\/about\/\",\"url\":\"https:\/\/carershelp.com\/ro\/about\/\",\"name\":\"\u00dcber uns\",\"isPartOf\":{\"@id\":\"https:\/\/carershelp.com\/#website\"},\"primaryImageOfPage\":{\"@id\":\"https:\/\/carershelp.com\/ro\/about\/#primaryimage\"},\"image\":{\"@id\":\"https:\/\/carershelp.com\/ro\/about\/#primaryimage\"},\"thumbnailUrl\":\"https:\/\/carershelp.com\/wp-content\/uploads\/2025\/05\/about-img.jpg\",\"datePublished\":\"2025-05-08T12:51:15+00:00\",\"dateModified\":\"2026-03-02T13:13:07+00:00\",\"description\":\"Die Verwaltung der Pflege eines geliebten Menschen mit Demenz oder Alzheimer kann eine Herausforderung sein. Wir bei Carers Help verstehen die Herausforderungen, mit denen Familien konfrontiert sind, und sind hier, um Sie bei jedem Schritt zu unterst\u00fctzen.\",\"breadcrumb\":{\"@id\":\"https:\/\/carershelp.com\/ro\/about\/#breadcrumb\"},\"inLanguage\":\"de-DE\",\"potentialAction\":[{\"@type\":\"ReadAction\",\"target\":[\"https:\/\/carershelp.com\/ro\/about\/\"]}]},{\"@type\":\"ImageObject\",\"inLanguage\":\"de-DE\",\"@id\":\"https:\/\/carershelp.com\/ro\/about\/#primaryimage\",\"url\":\"https:\/\/carershelp.com\/wp-content\/uploads\/2025\/05\/about-img.jpg\",\"contentUrl\":\"https:\/\/carershelp.com\/wp-content\/uploads\/2025\/05\/about-img.jpg\",\"width\":446,\"height\":443},{\"@type\":\"BreadcrumbList\",\"@id\":\"https:\/\/carershelp.com\/ro\/about\/#breadcrumb\",\"itemListElement\":[{\"@type\":\"ListItem\",\"position\":1,\"name\":\"Home\",\"item\":\"https:\/\/carershelp.com\/it\/\"},{\"@type\":\"ListItem\",\"position\":2,\"name\":\"Despre noi\"}]},{\"@type\":\"WebSite\",\"@id\":\"https:\/\/carershelp.com\/#website\",\"url\":\"https:\/\/carershelp.com\/\",\"name\":\"Carers Help\",\"description\":\"\",\"potentialAction\":[{\"@type\":\"SearchAction\",\"target\":{\"@type\":\"EntryPoint\",\"urlTemplate\":\"https:\/\/carershelp.com\/?s={search_term_string}\"},\"query-input\":{\"@type\":\"PropertyValueSpecification\",\"valueRequired\":true,\"valueName\":\"search_term_string\"}}],\"inLanguage\":\"de-DE\"}]}<\/script>\n<!-- \/ Yoast SEO plugin. -->","yoast_head_json":{"title":"\u00dcber uns","description":"Die Verwaltung der Pflege eines geliebten Menschen mit Demenz oder Alzheimer kann eine Herausforderung sein. Wir bei Carers Help verstehen die Herausforderungen, mit denen Familien konfrontiert sind, und sind hier, um Sie bei jedem Schritt zu unterst\u00fctzen.","robots":{"index":"index","follow":"follow","max-snippet":"max-snippet:-1","max-image-preview":"max-image-preview:large","max-video-preview":"max-video-preview:-1"},"canonical":"https:\/\/carershelp.com\/de\/about\/","og_locale":"de_DE","og_type":"article","og_title":"[:en]About[:it]Chi siamo[:de]\u00dcber uns[:es]Sobre nosotros[:ro]Despre noi[:] - Carers Help","og_description":"[:en]Managing the care of a loved one with Dementia or Alzheimer\u2019s can be overwhelming. At Carers Help, we understand the challenges families face, and we\u2019re here to help you every step of the way.[:it]Noi di Carers Help comprendiamo le sfide che le famiglie devono affrontare e siamo qui per aiutarti in ogni fase del percorso. La nostra app semplifica il coordinamento e la gestione dell'assistenza fornendo una piattaforma centralizzata per monitorare, comunicare e supportare gli assistenti che si prendono cura del tuo caro anziano.[:de]Die Verwaltung der Pflege eines geliebten Menschen mit Demenz oder Alzheimer kann eine Herausforderung sein. Wir bei Carers Help verstehen die Herausforderungen, mit denen Familien konfrontiert sind, und sind hier, um Sie bei jedem Schritt zu unterst\u00fctzen.[:es]Cuidar de un ser querido con demencia o Alzheimer puede ser abrumador. En Carers Help, comprendemos los retos a los que se enfrentan las familias, y estamos aqu\u00ed para ayudarte en cada paso del camino.[:ro]Gestionarea \u00eengrijirii unei persoane dragi care sufer\u0103 de demen\u021b\u0103 sau Alzheimer poate fi cople\u0219itoare. La Carers Help, \u00een\u021belegem provoc\u0103rile cu care se confrunt\u0103 familiile \u0219i suntem aici pentru a v\u0103 ajuta la fiecare pas.[:]","og_url":"https:\/\/carershelp.com\/de\/about\/","og_site_name":"Carers Help","article_modified_time":"2026-03-02T13:13:07+00:00","og_image":[{"width":446,"height":443,"url":"https:\/\/carershelp.com\/wp-content\/uploads\/2025\/05\/about-img.jpg","type":"image\/jpeg"}],"twitter_card":"summary_large_image","twitter_misc":{"Gesch\u00e4tzte Lesezeit":"1\u00a0Minute"},"schema":{"@context":"https:\/\/schema.org","@graph":[{"@type":"WebPage","@id":"https:\/\/carershelp.com\/ro\/about\/","url":"https:\/\/carershelp.com\/ro\/about\/","name":"\u00dcber uns","isPartOf":{"@id":"https:\/\/carershelp.com\/#website"},"primaryImageOfPage":{"@id":"https:\/\/carershelp.com\/ro\/about\/#primaryimage"},"image":{"@id":"https:\/\/carershelp.com\/ro\/about\/#primaryimage"},"thumbnailUrl":"https:\/\/carershelp.com\/wp-content\/uploads\/2025\/05\/about-img.jpg","datePublished":"2025-05-08T12:51:15+00:00","dateModified":"2026-03-02T13:13:07+00:00","description":"Die Verwaltung der Pflege eines geliebten Menschen mit Demenz oder Alzheimer kann eine Herausforderung sein. Wir bei Carers Help verstehen die Herausforderungen, mit denen Familien konfrontiert sind, und sind hier, um Sie bei jedem Schritt zu unterst\u00fctzen.","breadcrumb":{"@id":"https:\/\/carershelp.com\/ro\/about\/#breadcrumb"},"inLanguage":"de-DE","potentialAction":[{"@type":"ReadAction","target":["https:\/\/carershelp.com\/ro\/about\/"]}]},{"@type":"ImageObject","inLanguage":"de-DE","@id":"https:\/\/carershelp.com\/ro\/about\/#primaryimage","url":"https:\/\/carershelp.com\/wp-content\/uploads\/2025\/05\/about-img.jpg","contentUrl":"https:\/\/carershelp.com\/wp-content\/uploads\/2025\/05\/about-img.jpg","width":446,"height":443},{"@type":"BreadcrumbList","@id":"https:\/\/carershelp.com\/ro\/about\/#breadcrumb","itemListElement":[{"@type":"ListItem","position":1,"name":"Home","item":"https:\/\/carershelp.com\/it\/"},{"@type":"ListItem","position":2,"name":"Despre noi"}]},{"@type":"WebSite","@id":"https:\/\/carershelp.com\/#website","url":"https:\/\/carershelp.com\/","name":"Carers Help","description":"","potentialAction":[{"@type":"SearchAction","target":{"@type":"EntryPoint","urlTemplate":"https:\/\/carershelp.com\/?s={search_term_string}"},"query-input":{"@type":"PropertyValueSpecification","valueRequired":true,"valueName":"search_term_string"}}],"inLanguage":"de-DE"}]}},"_links":{"self":[{"href":"https:\/\/carershelp.com\/de\/wp-json\/wp\/v2\/pages\/142","targetHints":{"allow":["GET"]}}],"collection":[{"href":"https:\/\/carershelp.com\/de\/wp-json\/wp\/v2\/pages"}],"about":[{"href":"https:\/\/carershelp.com\/de\/wp-json\/wp\/v2\/types\/page"}],"author":[{"embeddable":true,"href":"https:\/\/carershelp.com\/de\/wp-json\/wp\/v2\/users\/1"}],"replies":[{"embeddable":true,"href":"https:\/\/carershelp.com\/de\/wp-json\/wp\/v2\/comments?post=142"}],"version-history":[{"count":39,"href":"https:\/\/carershelp.com\/de\/wp-json\/wp\/v2\/pages\/142\/revisions"}],"predecessor-version":[{"id":706,"href":"https:\/\/carershelp.com\/de\/wp-json\/wp\/v2\/pages\/142\/revisions\/706"}],"wp:featuredmedia":[{"embeddable":true,"href":"https:\/\/carershelp.com\/de\/wp-json\/wp\/v2\/media\/151"}],"wp:attachment":[{"href":"https:\/\/carershelp.com\/de\/wp-json\/wp\/v2\/media?parent=142"}],"curies":[{"name":"wp","href":"https:\/\/api.w.org\/{rel}","templated":true}]}}