{"id":130,"date":"2025-05-08T07:53:20","date_gmt":"2025-05-08T07:53:20","guid":{"rendered":"http:\/\/localhost\/carers-help\/?page_id=130"},"modified":"2025-10-15T16:44:34","modified_gmt":"2025-10-15T16:44:34","slug":"faq","status":"publish","type":"page","link":"https:\/\/carershelp.com\/es\/faq\/","title":{"rendered":"FAQ"},"content":{"rendered":"<div  class=\"ewd-ufaq-faq-list ewd-ufaq-page-type-distinct ewd-ufaq-category-tabs-\" id='ewd-ufaq-faq-list'>\n\n\t<input type='hidden' name='show_on_load' value='' id='ewd-ufaq-show-on-load' \/>\n<input type='hidden' name='include_category' value='' id='ewd-ufaq-include-category' \/>\n<input type='hidden' name='exclude_category' value='' id='ewd-ufaq-exclude-category' \/>\n<input type='hidden' name='orderby' value='title' id='ewd-ufaq-orderby' \/>\n<input type='hidden' name='order' value='asc' id='ewd-ufaq-order' \/>\n<input type='hidden' name='post_count' value='-1' id='ewd-ufaq-post-count' \/>\n<input type='hidden' name='current_url' value='\/es\/wp-json\/wp\/v2\/pages\/130' id='ewd-ufaq-current-url' \/>\n\t\n\t\n\t<div class='ewd-ufaq-faqs'>\n\n\t\t<div  class=\"ewd-ufaq-faq-div ewd-ufaq-faq-column-count-one ewd-ufaq-faq-responsive-columns- ewd-ufaq-faq-display-style-default ewd-ufaq-can-be-toggled\" id='ewd-ufaq-post-129-U5QVpO0DA8' data-post_id='129'>\n\n\t\t\n\t<div class='ewd-ufaq-faq-title ewd-ufaq-faq-toggle'>\n\t\n\t<a class='ewd-ufaq-post-margin'  href='#' role=\"button\">\n\n\t\t<div class='ewd-ufaq-post-margin-symbol ewd-ufaq-'>\n\t\t\t<span >a<\/span>\n\t\t<\/div>\n\n\t\t<div class='ewd-ufaq-faq-title-text'>\n\n\t\t\t<h4>\n\t\t\t\t\u00bfPuedo cambiar de cuenta de gestor a cuidador y viceversa?\t\t\t<\/h4>\n\n\t\t<\/div>\n\n\t\t<div class='ewd-ufaq-clear'><\/div>\n\n\t<\/a>\n\t\n<\/div>\n\t\n\t<div class='ewd-ufaq-faq-body ewd-ufaq-hidden' >\n\n\t\t\n\t\t\t\n\t\t\n\t\t\t<div class='ewd-ufaq-post-margin ewd-ufaq-faq-post'>\n\t<p><span style=\"font-weight: 400\">S\u00ed. Desde tu perfil puedes cambiar el tipo de cuenta activando o desactivando el interruptor con la etiqueta \u201ccuidador\u201d. Esto te permite tener una cuenta como cuidador si trabajas para una familia o eres un familiar que solo quiere estar informado y una cuenta como gestor si los familiares de tu cliente no tiene cuenta de gestor o si gestionas directamente su cuidado.<\/span><\/p>\n<p>\u00a0<\/p>\n<\/div>\n\t\t\n\t\t\t\n\t\t\n\t\t\t\n\t\t\n\t\t\t\n\t\t\n\t\t\t\n\t\t\n\t\t\t\n\t\t\n\t\t\t\n\t\t\n\t\t\t\n\t\t\n\t\t\t\n\t\t\n\t<\/div>\n\n<\/div><div  class=\"ewd-ufaq-faq-div ewd-ufaq-faq-column-count-one ewd-ufaq-faq-responsive-columns- ewd-ufaq-faq-display-style-default ewd-ufaq-can-be-toggled\" id='ewd-ufaq-post-128-MT31Sj1Whf' data-post_id='128'>\n\n\t\t\n\t<div class='ewd-ufaq-faq-title ewd-ufaq-faq-toggle'>\n\t\n\t<a class='ewd-ufaq-post-margin'  href='#' role=\"button\">\n\n\t\t<div class='ewd-ufaq-post-margin-symbol ewd-ufaq-'>\n\t\t\t<span >a<\/span>\n\t\t<\/div>\n\n\t\t<div class='ewd-ufaq-faq-title-text'>\n\n\t\t\t<h4>\n\t\t\t\t\u00bfC\u00f3mo me registro? \u00bfGestor o cuidador?\t\t\t<\/h4>\n\n\t\t<\/div>\n\n\t\t<div class='ewd-ufaq-clear'><\/div>\n\n\t<\/a>\n\t\n<\/div>\n\t\n\t<div class='ewd-ufaq-faq-body ewd-ufaq-hidden' >\n\n\t\t\n\t\t\t\n\t\t\n\t\t\t<div class='ewd-ufaq-post-margin ewd-ufaq-faq-post'>\n\t<p><span style=\"font-weight: 400\">Si eres quien organiza los turnos, reserva citas, controla los gastos y, en general, gestiona el cuidado de tu familiar, reg\u00edstrate como gestor. Despu\u00e9s podr\u00e1s invitar a familiares y cuidadores a unirse a tu cuenta como cuidadores.<\/span><span style=\"font-weight: 400\"><br \/>\n<\/span><\/p>\n<p><span style=\"font-weight: 400\">Si eres un familiar o amigo que quiere colaborar en el cuidado, reg\u00edstrate como cuidador y acepta la invitaci\u00f3n del gestor. Tambi\u00e9n puedes invitar t\u00fa al familiar que vaya a encargarse de la gesti\u00f3n.<\/span><span style=\"font-weight: 400\"><br \/>\n<\/span><\/p>\n<p><span style=\"font-weight: 400\">Si eres un cuidador contratado por alguien que ya tiene una cuenta como gestor, reg\u00edstrate como cuidador y acepta su invitaci\u00f3n, o bien inv\u00edtale t\u00fa para conectar vuestras cuentas.<\/span><span style=\"font-weight: 400\"><br \/>\n<\/span><\/p>\n<\/div>\n\t\t\n\t\t\t\n\t\t\n\t\t\t\n\t\t\n\t\t\t\n\t\t\n\t\t\t\n\t\t\n\t\t\t\n\t\t\n\t\t\t\n\t\t\n\t\t\t\n\t\t\n\t\t\t\n\t\t\n\t<\/div>\n\n<\/div><div  class=\"ewd-ufaq-faq-div ewd-ufaq-faq-column-count-one ewd-ufaq-faq-responsive-columns- ewd-ufaq-faq-display-style-default ewd-ufaq-can-be-toggled\" id='ewd-ufaq-post-127-W26ch1iINU' data-post_id='127'>\n\n\t\t\n\t<div class='ewd-ufaq-faq-title ewd-ufaq-faq-toggle'>\n\t\n\t<a class='ewd-ufaq-post-margin'  href='#' role=\"button\">\n\n\t\t<div class='ewd-ufaq-post-margin-symbol ewd-ufaq-'>\n\t\t\t<span >a<\/span>\n\t\t<\/div>\n\n\t\t<div class='ewd-ufaq-faq-title-text'>\n\n\t\t\t<h4>\n\t\t\t\t\u00bfCu\u00e1nto cuesta?\t\t\t<\/h4>\n\n\t\t<\/div>\n\n\t\t<div class='ewd-ufaq-clear'><\/div>\n\n\t<\/a>\n\t\n<\/div>\n\t\n\t<div class='ewd-ufaq-faq-body ewd-ufaq-hidden' >\n\n\t\t\n\t\t\t\n\t\t\n\t\t\t<div class='ewd-ufaq-post-margin ewd-ufaq-faq-post'>\n\t<p><span style=\"font-weight: 400\">Carers Help se puede descargar y usar de forma gratuita. Algunas funciones avanzadas est\u00e1n disponibles solo si el gestor de la cuenta se suscribe a la versi\u00f3n Premium, que tiene un coste de 12,99\u202f\u20ac al a\u00f1o. Para los cuidadores, la app es siempre gratuita.<\/span><\/p>\n<\/div>\n\t\t\n\t\t\t\n\t\t\n\t\t\t\n\t\t\n\t\t\t\n\t\t\n\t\t\t\n\t\t\n\t\t\t\n\t\t\n\t\t\t\n\t\t\n\t\t\t\n\t\t\n\t\t\t\n\t\t\n\t<\/div>\n\n<\/div><div  class=\"ewd-ufaq-faq-div ewd-ufaq-faq-column-count-one ewd-ufaq-faq-responsive-columns- ewd-ufaq-faq-display-style-default ewd-ufaq-can-be-toggled\" id='ewd-ufaq-post-126-uKV6gwTwbK' data-post_id='126'>\n\n\t\t\n\t<div class='ewd-ufaq-faq-title ewd-ufaq-faq-toggle'>\n\t\n\t<a class='ewd-ufaq-post-margin'  href='#' role=\"button\">\n\n\t\t<div class='ewd-ufaq-post-margin-symbol ewd-ufaq-'>\n\t\t\t<span >a<\/span>\n\t\t<\/div>\n\n\t\t<div class='ewd-ufaq-faq-title-text'>\n\n\t\t\t<h4>\n\t\t\t\t\u00bfEn qu\u00e9 dispositivos est\u00e1 disponible?\t\t\t<\/h4>\n\n\t\t<\/div>\n\n\t\t<div class='ewd-ufaq-clear'><\/div>\n\n\t<\/a>\n\t\n<\/div>\n\t\n\t<div class='ewd-ufaq-faq-body ewd-ufaq-hidden' >\n\n\t\t\n\t\t\t\n\t\t\n\t\t\t<div class='ewd-ufaq-post-margin ewd-ufaq-faq-post'>\n\t<p><span style=\"font-weight: 400\">Puedes descargar Carers Help en dispositivos iOS y Android.<\/span><\/p>\n<p>\u00a0<\/p>\n<\/div>\n\t\t\n\t\t\t\n\t\t\n\t\t\t\n\t\t\n\t\t\t\n\t\t\n\t\t\t\n\t\t\n\t\t\t\n\t\t\n\t\t\t\n\t\t\n\t\t\t\n\t\t\n\t\t\t\n\t\t\n\t<\/div>\n\n<\/div>\n\t<\/div>\n\n\t\n<\/div>\n","protected":false},"excerpt":{"rendered":"<p>A \u00bfEn qu\u00e9 dispositivos est\u00e1 disponible? Puedes descargar Carers Help en dispositivos iOS y Android. \u00a0<\/p>\n","protected":false},"author":1,"featured_media":0,"parent":0,"menu_order":0,"comment_status":"closed","ping_status":"closed","template":"template\/faq.php","meta":{"_acf_changed":false,"inline_featured_image":false,"footnotes":""},"class_list":["post-130","page","type-page","status-publish","hentry","entry"],"acf":[],"yoast_head":"<!-- This site is optimized with the Yoast SEO plugin v26.6 - https:\/\/yoast.com\/wordpress\/plugins\/seo\/ -->\n<title>FAQ<\/title>\n<meta name=\"robots\" content=\"index, follow, max-snippet:-1, max-image-preview:large, max-video-preview:-1\" \/>\n<link rel=\"canonical\" href=\"https:\/\/carershelp.com\/es\/faq\/\" \/>\n<meta property=\"og:locale\" content=\"en_US\" \/>\n<meta property=\"og:locale:alternate\" content=\"en_AU\" \/>\n<meta property=\"og:locale:alternate\" content=\"it_IT\" \/>\n<meta property=\"og:locale:alternate\" content=\"de_DE\" \/>\n<meta property=\"og:locale:alternate\" content=\"ro_RO\" \/>\n<meta property=\"og:type\" content=\"article\" \/>\n<meta property=\"og:title\" content=\"FAQ\" \/>\n<meta property=\"og:description\" content=\"A \u00bfEn qu\u00e9 dispositivos est\u00e1 disponible? Puedes descargar Carers Help en dispositivos iOS y Android. \u00a0\" \/>\n<meta property=\"og:url\" content=\"https:\/\/carershelp.com\/es\/ufaq\/on-what-devices-is-carers-help-available\/\" \/>\n<meta property=\"og:site_name\" content=\"Carers Help\" \/>\n<meta property=\"article:modified_time\" content=\"2025-10-15T16:44:34+00:00\" \/>\n<meta name=\"twitter:card\" content=\"summary_large_image\" \/>\n<script type=\"application\/ld+json\" class=\"yoast-schema-graph\">{\"@context\":\"https:\/\/schema.org\",\"@graph\":[{\"@type\":\"WebPage\",\"@id\":\"https:\/\/carershelp.com\/faq\/\",\"url\":\"https:\/\/carershelp.com\/faq\/\",\"name\":\"FAQ\",\"isPartOf\":{\"@id\":\"https:\/\/carershelp.com\/#website\"},\"datePublished\":\"2025-05-08T07:53:20+00:00\",\"dateModified\":\"2025-10-15T16:44:34+00:00\",\"breadcrumb\":{\"@id\":\"https:\/\/carershelp.com\/faq\/#breadcrumb\"},\"inLanguage\":\"en-US\",\"potentialAction\":[{\"@type\":\"ReadAction\",\"target\":[\"https:\/\/carershelp.com\/faq\/\"]}]},{\"@type\":\"BreadcrumbList\",\"@id\":\"https:\/\/carershelp.com\/faq\/#breadcrumb\",\"itemListElement\":[{\"@type\":\"ListItem\",\"position\":1,\"name\":\"Home\",\"item\":\"https:\/\/carershelp.com\/it\/\"},{\"@type\":\"ListItem\",\"position\":2,\"name\":\"FAQ\"}]},{\"@type\":\"WebSite\",\"@id\":\"https:\/\/carershelp.com\/#website\",\"url\":\"https:\/\/carershelp.com\/\",\"name\":\"Carers Help\",\"description\":\"\",\"potentialAction\":[{\"@type\":\"SearchAction\",\"target\":{\"@type\":\"EntryPoint\",\"urlTemplate\":\"https:\/\/carershelp.com\/?s={search_term_string}\"},\"query-input\":{\"@type\":\"PropertyValueSpecification\",\"valueRequired\":true,\"valueName\":\"search_term_string\"}}],\"inLanguage\":\"en-US\"}]}<\/script>\n<!-- \/ Yoast SEO plugin. -->","yoast_head_json":{"title":"FAQ","robots":{"index":"index","follow":"follow","max-snippet":"max-snippet:-1","max-image-preview":"max-image-preview:large","max-video-preview":"max-video-preview:-1"},"canonical":"https:\/\/carershelp.com\/es\/faq\/","og_locale":"en_US","og_type":"article","og_title":"[:en]FAQ[:it]Domande frequenti[:de]H\u00e4ufig gestellte Fragen[:es]FAQ[:ro]\u00centreb\u0103ri frecvente[:] - Carers Help","og_description":"A \u00bfEn qu\u00e9 dispositivos est\u00e1 disponible? Puedes descargar Carers Help en dispositivos iOS y Android. \u00a0","og_url":"https:\/\/carershelp.com\/es\/ufaq\/on-what-devices-is-carers-help-available\/","og_site_name":"Carers Help","article_modified_time":"2025-10-15T16:44:34+00:00","twitter_card":"summary_large_image","schema":{"@context":"https:\/\/schema.org","@graph":[{"@type":"WebPage","@id":"https:\/\/carershelp.com\/faq\/","url":"https:\/\/carershelp.com\/faq\/","name":"FAQ","isPartOf":{"@id":"https:\/\/carershelp.com\/#website"},"datePublished":"2025-05-08T07:53:20+00:00","dateModified":"2025-10-15T16:44:34+00:00","breadcrumb":{"@id":"https:\/\/carershelp.com\/faq\/#breadcrumb"},"inLanguage":"en-US","potentialAction":[{"@type":"ReadAction","target":["https:\/\/carershelp.com\/faq\/"]}]},{"@type":"BreadcrumbList","@id":"https:\/\/carershelp.com\/faq\/#breadcrumb","itemListElement":[{"@type":"ListItem","position":1,"name":"Home","item":"https:\/\/carershelp.com\/it\/"},{"@type":"ListItem","position":2,"name":"FAQ"}]},{"@type":"WebSite","@id":"https:\/\/carershelp.com\/#website","url":"https:\/\/carershelp.com\/","name":"Carers Help","description":"","potentialAction":[{"@type":"SearchAction","target":{"@type":"EntryPoint","urlTemplate":"https:\/\/carershelp.com\/?s={search_term_string}"},"query-input":{"@type":"PropertyValueSpecification","valueRequired":true,"valueName":"search_term_string"}}],"inLanguage":"en-US"}]}},"_links":{"self":[{"href":"https:\/\/carershelp.com\/es\/wp-json\/wp\/v2\/pages\/130","targetHints":{"allow":["GET"]}}],"collection":[{"href":"https:\/\/carershelp.com\/es\/wp-json\/wp\/v2\/pages"}],"about":[{"href":"https:\/\/carershelp.com\/es\/wp-json\/wp\/v2\/types\/page"}],"author":[{"embeddable":true,"href":"https:\/\/carershelp.com\/es\/wp-json\/wp\/v2\/users\/1"}],"replies":[{"embeddable":true,"href":"https:\/\/carershelp.com\/es\/wp-json\/wp\/v2\/comments?post=130"}],"version-history":[{"count":12,"href":"https:\/\/carershelp.com\/es\/wp-json\/wp\/v2\/pages\/130\/revisions"}],"predecessor-version":[{"id":645,"href":"https:\/\/carershelp.com\/es\/wp-json\/wp\/v2\/pages\/130\/revisions\/645"}],"wp:attachment":[{"href":"https:\/\/carershelp.com\/es\/wp-json\/wp\/v2\/media?parent=130"}],"curies":[{"name":"wp","href":"https:\/\/api.w.org\/{rel}","templated":true}]}}