{"id":130,"date":"2025-05-08T07:53:20","date_gmt":"2025-05-08T07:53:20","guid":{"rendered":"http:\/\/localhost\/carers-help\/?page_id=130"},"modified":"2025-10-15T16:44:34","modified_gmt":"2025-10-15T16:44:34","slug":"faq","status":"publish","type":"page","link":"https:\/\/carershelp.com\/it\/faq\/","title":{"rendered":"Domande frequenti"},"content":{"rendered":"<div class=\"faqs-area\"><div  class=\"ewd-ufaq-faq-list ewd-ufaq-page-type-distinct ewd-ufaq-category-tabs-\" id='ewd-ufaq-faq-list'>\n\n\t<input type='hidden' name='show_on_load' value='' id='ewd-ufaq-show-on-load' \/>\n<input type='hidden' name='include_category' value='' id='ewd-ufaq-include-category' \/>\n<input type='hidden' name='exclude_category' value='' id='ewd-ufaq-exclude-category' \/>\n<input type='hidden' name='orderby' value='title' id='ewd-ufaq-orderby' \/>\n<input type='hidden' name='order' value='asc' id='ewd-ufaq-order' \/>\n<input type='hidden' name='post_count' value='-1' id='ewd-ufaq-post-count' \/>\n<input type='hidden' name='current_url' value='\/it\/wp-json\/wp\/v2\/pages\/130' id='ewd-ufaq-current-url' \/>\n\t\n\t\n\t<div class='ewd-ufaq-faqs'>\n\n\t\t<div  class=\"ewd-ufaq-faq-div ewd-ufaq-faq-column-count-one ewd-ufaq-faq-responsive-columns- ewd-ufaq-faq-display-style-default ewd-ufaq-can-be-toggled\" id='ewd-ufaq-post-129-vDzPTyMZbz' data-post_id='129'>\n\n\t\t\n\t<div class='ewd-ufaq-faq-title ewd-ufaq-faq-toggle'>\n\t\n\t<a class='ewd-ufaq-post-margin'  href='#' role=\"button\">\n\n\t\t<div class='ewd-ufaq-post-margin-symbol ewd-ufaq-'>\n\t\t\t<span >a<\/span>\n\t\t<\/div>\n\n\t\t<div class='ewd-ufaq-faq-title-text'>\n\n\t\t\t<h4>\n\t\t\t\tCan I change the account from admin to carer and vice versa?\t\t\t<\/h4>\n\n\t\t<\/div>\n\n\t\t<div class='ewd-ufaq-clear'><\/div>\n\n\t<\/a>\n\t\n<\/div>\n\t\n\t<div class='ewd-ufaq-faq-body ewd-ufaq-hidden' >\n\n\t\t\n\t\t\t\n\t\t\n\t\t\t<div class='ewd-ufaq-post-margin ewd-ufaq-faq-post'>\n\t<p><span style=\"font-weight: 400\">Si, nel tuo profilo puoi cambiare l\u2019account da badante a gestore e viceversa attivando o disattivando l&#8217;interruttore con l\u2019etichetta\u00a0 \u201cbadante\u201d. Cos\u00ec puoi avere un account \u201cbadante\u201d quando lavori come badante per una famiglia o sei un familiare che vuole solo rimanere aggiornato e un account \u201cgestore\u201d se i familiari del tuo cliente non hanno creato un account gestore o se gestisci anche una persona a te cara<\/span><\/p>\n<\/div>\n\t\t\n\t\t\t\n\t\t\n\t\t\t\n\t\t\n\t\t\t\n\t\t\n\t\t\t\n\t\t\n\t\t\t\n\t\t\n\t\t\t\n\t\t\n\t\t\t\n\t\t\n\t\t\t\n\t\t\n\t<\/div>\n\n<\/div><div  class=\"ewd-ufaq-faq-div ewd-ufaq-faq-column-count-one ewd-ufaq-faq-responsive-columns- ewd-ufaq-faq-display-style-default ewd-ufaq-can-be-toggled\" id='ewd-ufaq-post-128-X4nQdxsUva' data-post_id='128'>\n\n\t\t\n\t<div class='ewd-ufaq-faq-title ewd-ufaq-faq-toggle'>\n\t\n\t<a class='ewd-ufaq-post-margin'  href='#' role=\"button\">\n\n\t\t<div class='ewd-ufaq-post-margin-symbol ewd-ufaq-'>\n\t\t\t<span >a<\/span>\n\t\t<\/div>\n\n\t\t<div class='ewd-ufaq-faq-title-text'>\n\n\t\t\t<h4>\n\t\t\t\tCome mi registro? Gestore o badante?\t\t\t<\/h4>\n\n\t\t<\/div>\n\n\t\t<div class='ewd-ufaq-clear'><\/div>\n\n\t<\/a>\n\t\n<\/div>\n\t\n\t<div class='ewd-ufaq-faq-body ewd-ufaq-hidden' >\n\n\t\t\n\t\t\t\n\t\t\n\t\t\t<div class='ewd-ufaq-post-margin ewd-ufaq-faq-post'>\n\t<p><span style=\"font-weight: 400\">I<\/span><span style=\"font-weight: 400\">Se sei tu che ti occupi di assegnare i turni di assistenza, prenotare gli appuntamenti, organizzare le spese e in generale gestisci l\u2019assistenza al tuo caro allora registrati come gestore e potrai invitare familiari e badanti a registrarsi al tuo account come badante.\u00a0<\/span><\/p>\n<p><span style=\"font-weight: 400\">Se sei un familiare o un amico che vuole aiutare allora registrati come badante ed accetta l\u2019invito del gestore o invita tu il familiare che si occuper\u00e0 della gestione.<\/span><\/p>\n<p><span style=\"font-weight: 400\">Se sei un badante assunto da qualcuno che ha gi\u00e0 un account come gestore registrati come badante e accetta il loro invito o invia tu l\u2019invito al gestore a collegare gli account.<\/span><\/p>\n<\/div>\n\t\t\n\t\t\t\n\t\t\n\t\t\t\n\t\t\n\t\t\t\n\t\t\n\t\t\t\n\t\t\n\t\t\t\n\t\t\n\t\t\t\n\t\t\n\t\t\t\n\t\t\n\t\t\t\n\t\t\n\t<\/div>\n\n<\/div><div  class=\"ewd-ufaq-faq-div ewd-ufaq-faq-column-count-one ewd-ufaq-faq-responsive-columns- ewd-ufaq-faq-display-style-default ewd-ufaq-can-be-toggled\" id='ewd-ufaq-post-127-8BovzsOAZ8' data-post_id='127'>\n\n\t\t\n\t<div class='ewd-ufaq-faq-title ewd-ufaq-faq-toggle'>\n\t\n\t<a class='ewd-ufaq-post-margin'  href='#' role=\"button\">\n\n\t\t<div class='ewd-ufaq-post-margin-symbol ewd-ufaq-'>\n\t\t\t<span >a<\/span>\n\t\t<\/div>\n\n\t\t<div class='ewd-ufaq-faq-title-text'>\n\n\t\t\t<h4>\n\t\t\t\tQuanto costa?\t\t\t<\/h4>\n\n\t\t<\/div>\n\n\t\t<div class='ewd-ufaq-clear'><\/div>\n\n\t<\/a>\n\t\n<\/div>\n\t\n\t<div class='ewd-ufaq-faq-body ewd-ufaq-hidden' >\n\n\t\t\n\t\t\t\n\t\t\n\t\t\t<div class='ewd-ufaq-post-margin ewd-ufaq-faq-post'>\n\t<p><span style=\"font-weight: 400\">Carers Help \u00e8 gratuita da scaricare e utilizzare, ma puoi accedere ad alcune funzionalit\u00e0 solo dopo che chi gestisce l\u2019account si abbona alla versione Premium al costo di 12,99 \u20ac all&#8217;anno. Per i badanti Carers Help \u00e8 comunque sempre gratuita.<\/span><\/p>\n<\/div>\n\t\t\n\t\t\t\n\t\t\n\t\t\t\n\t\t\n\t\t\t\n\t\t\n\t\t\t\n\t\t\n\t\t\t\n\t\t\n\t\t\t\n\t\t\n\t\t\t\n\t\t\n\t\t\t\n\t\t\n\t<\/div>\n\n<\/div><div  class=\"ewd-ufaq-faq-div ewd-ufaq-faq-column-count-one ewd-ufaq-faq-responsive-columns- ewd-ufaq-faq-display-style-default ewd-ufaq-can-be-toggled\" id='ewd-ufaq-post-126-2HLpRi0JYk' data-post_id='126'>\n\n\t\t\n\t<div class='ewd-ufaq-faq-title ewd-ufaq-faq-toggle'>\n\t\n\t<a class='ewd-ufaq-post-margin'  href='#' role=\"button\">\n\n\t\t<div class='ewd-ufaq-post-margin-symbol ewd-ufaq-'>\n\t\t\t<span >a<\/span>\n\t\t<\/div>\n\n\t\t<div class='ewd-ufaq-faq-title-text'>\n\n\t\t\t<h4>\n\t\t\t\tSu quali dispositivi \u00e8 disponibile Carers Help?\t\t\t<\/h4>\n\n\t\t<\/div>\n\n\t\t<div class='ewd-ufaq-clear'><\/div>\n\n\t<\/a>\n\t\n<\/div>\n\t\n\t<div class='ewd-ufaq-faq-body ewd-ufaq-hidden' >\n\n\t\t\n\t\t\t\n\t\t\n\t\t\t<div class='ewd-ufaq-post-margin ewd-ufaq-faq-post'>\n\t<p><span style=\"font-weight: 400\">Puoi scaricare Carers Help su dispositivi iOS e Android.<\/span><\/p>\n<\/div>\n\t\t\n\t\t\t\n\t\t\n\t\t\t\n\t\t\n\t\t\t\n\t\t\n\t\t\t\n\t\t\n\t\t\t\n\t\t\n\t\t\t\n\t\t\n\t\t\t\n\t\t\n\t\t\t\n\t\t\n\t<\/div>\n\n<\/div><div  class=\"ewd-ufaq-faq-div ewd-ufaq-faq-column-count-one ewd-ufaq-faq-responsive-columns- ewd-ufaq-faq-display-style-default ewd-ufaq-can-be-toggled\" id='ewd-ufaq-post-125-Tlpd6tAKXl' data-post_id='125'>\n\n\t\t\n\t<div class='ewd-ufaq-faq-title ewd-ufaq-faq-toggle'>\n\t\n\t<a class='ewd-ufaq-post-margin'  href='#' role=\"button\">\n\n\t\t<div class='ewd-ufaq-post-margin-symbol ewd-ufaq-'>\n\t\t\t<span >a<\/span>\n\t\t<\/div>\n\n\t\t<div class='ewd-ufaq-faq-title-text'>\n\n\t\t\t<h4>\n\t\t\t\tCos&#8217;\u00e8 Carers Help?\t\t\t<\/h4>\n\n\t\t<\/div>\n\n\t\t<div class='ewd-ufaq-clear'><\/div>\n\n\t<\/a>\n\t\n<\/div>\n\t\n\t<div class='ewd-ufaq-faq-body ewd-ufaq-hidden' >\n\n\t\t\n\t\t\t\n\t\t\n\t\t\t<div class='ewd-ufaq-post-margin ewd-ufaq-faq-post'>\n\t<p>Carers Help \u00e8 un&#8217;applicazione mobile progettata per rendere l&#8217;assistenza di una persona cara in casa un po&#8217; pi\u00f9 semplice, meno stressante e pi\u00f9 organizzata. Combina la condivisione del calendario con altre funzionalit\u00e0 utili, tra cui promemoria per i farmaci, assegnazione dei compiti, pianificazione dei turni di assistenza, gestione delle piccole spese e molto altro!<\/p>\n<\/div>\n\t\t\n\t\t\t\n\t\t\n\t\t\t\n\t\t\n\t\t\t\n\t\t\n\t\t\t\n\t\t\n\t\t\t\n\t\t\n\t\t\t\n\t\t\n\t\t\t\n\t\t\n\t\t\t\n\t\t\n\t<\/div>\n\n<\/div>\n\t<\/div>\n\n\t\n<\/div><\/div>\n","protected":false},"excerpt":{"rendered":"<p>A Cos&#8217;\u00e8 Carers Help? Carers Help \u00e8 un&#8217;applicazione mobile progettata per rendere l&#8217;assistenza di una persona cara in casa un po&#8217; pi\u00f9 semplice, meno stressante e pi\u00f9 organizzata. Combina la condivisione del calendario con altre funzionalit\u00e0 utili, tra cui promemoria per i farmaci, assegnazione dei compiti, pianificazione dei turni di assistenza, gestione delle piccole spese&hellip; <a class=\"more-link\" href=\"https:\/\/carershelp.com\/it\/ufaq\/what-is-carers-help\/\">Continua a leggere <span class=\"screen-reader-text\">Cos&#8217;\u00e8 Carers Help?<\/span><\/a><\/p>\n","protected":false},"author":1,"featured_media":0,"parent":0,"menu_order":0,"comment_status":"closed","ping_status":"closed","template":"template\/faq.php","meta":{"_acf_changed":false,"inline_featured_image":false,"footnotes":""},"class_list":["post-130","page","type-page","status-publish","hentry","entry"],"acf":[],"yoast_head":"<!-- This site is optimized with the Yoast SEO plugin v26.6 - https:\/\/yoast.com\/wordpress\/plugins\/seo\/ -->\n<title>Domande frequenti<\/title>\n<meta name=\"robots\" content=\"index, follow, max-snippet:-1, max-image-preview:large, max-video-preview:-1\" \/>\n<link rel=\"canonical\" href=\"https:\/\/carershelp.com\/it\/faq\/\" \/>\n<meta property=\"og:locale\" content=\"it_IT\" \/>\n<meta property=\"og:locale:alternate\" content=\"en_AU\" \/>\n<meta property=\"og:locale:alternate\" content=\"de_DE\" \/>\n<meta property=\"og:locale:alternate\" content=\"es_ES\" \/>\n<meta property=\"og:locale:alternate\" content=\"ro_RO\" \/>\n<meta property=\"og:type\" content=\"article\" \/>\n<meta property=\"og:title\" content=\"Domande frequenti\" \/>\n<meta property=\"og:description\" content=\"A Cos&#8217;\u00e8 Carers Help? Carers Help \u00e8 un&#8217;applicazione mobile progettata per rendere l&#8217;assistenza di una persona cara in casa un po&#8217; pi\u00f9 semplice, meno stressante e pi\u00f9 organizzata. Combina la condivisione del calendario con altre funzionalit\u00e0 utili, tra cui promemoria per i farmaci, assegnazione dei compiti, pianificazione dei turni di assistenza, gestione delle piccole spese&hellip; Continua a leggere Cos&#8217;\u00e8 Carers Help?\" \/>\n<meta property=\"og:url\" content=\"https:\/\/carershelp.com\/it\/ufaq\/what-is-carers-help\/\" \/>\n<meta property=\"og:site_name\" content=\"Carers Help\" \/>\n<meta property=\"article:modified_time\" content=\"2025-10-15T16:44:34+00:00\" \/>\n<meta name=\"twitter:card\" content=\"summary_large_image\" \/>\n<script type=\"application\/ld+json\" class=\"yoast-schema-graph\">{\"@context\":\"https:\/\/schema.org\",\"@graph\":[{\"@type\":\"WebPage\",\"@id\":\"https:\/\/carershelp.com\/faq\/\",\"url\":\"https:\/\/carershelp.com\/faq\/\",\"name\":\"Domande frequenti\",\"isPartOf\":{\"@id\":\"https:\/\/carershelp.com\/#website\"},\"datePublished\":\"2025-05-08T07:53:20+00:00\",\"dateModified\":\"2025-10-15T16:44:34+00:00\",\"breadcrumb\":{\"@id\":\"https:\/\/carershelp.com\/faq\/#breadcrumb\"},\"inLanguage\":\"it-IT\",\"potentialAction\":[{\"@type\":\"ReadAction\",\"target\":[\"https:\/\/carershelp.com\/faq\/\"]}]},{\"@type\":\"BreadcrumbList\",\"@id\":\"https:\/\/carershelp.com\/faq\/#breadcrumb\",\"itemListElement\":[{\"@type\":\"ListItem\",\"position\":1,\"name\":\"Home\",\"item\":\"https:\/\/carershelp.com\/it\/\"},{\"@type\":\"ListItem\",\"position\":2,\"name\":\"FAQ\"}]},{\"@type\":\"WebSite\",\"@id\":\"https:\/\/carershelp.com\/#website\",\"url\":\"https:\/\/carershelp.com\/\",\"name\":\"Carers Help\",\"description\":\"\",\"potentialAction\":[{\"@type\":\"SearchAction\",\"target\":{\"@type\":\"EntryPoint\",\"urlTemplate\":\"https:\/\/carershelp.com\/?s={search_term_string}\"},\"query-input\":{\"@type\":\"PropertyValueSpecification\",\"valueRequired\":true,\"valueName\":\"search_term_string\"}}],\"inLanguage\":\"it-IT\"}]}<\/script>\n<!-- \/ Yoast SEO plugin. -->","yoast_head_json":{"title":"Domande frequenti","robots":{"index":"index","follow":"follow","max-snippet":"max-snippet:-1","max-image-preview":"max-image-preview:large","max-video-preview":"max-video-preview:-1"},"canonical":"https:\/\/carershelp.com\/it\/faq\/","og_locale":"it_IT","og_type":"article","og_title":"[:en]FAQ[:it]Domande frequenti[:de]H\u00e4ufig gestellte Fragen[:es]FAQ[:ro]\u00centreb\u0103ri frecvente[:] - Carers Help","og_description":"A Cos&#8217;\u00e8 Carers Help? Carers Help \u00e8 un&#8217;applicazione mobile progettata per rendere l&#8217;assistenza di una persona cara in casa un po&#8217; pi\u00f9 semplice, meno stressante e pi\u00f9 organizzata. Combina la condivisione del calendario con altre funzionalit\u00e0 utili, tra cui promemoria per i farmaci, assegnazione dei compiti, pianificazione dei turni di assistenza, gestione delle piccole spese&hellip; Continua a leggere Cos&#8217;\u00e8 Carers Help?","og_url":"https:\/\/carershelp.com\/it\/ufaq\/what-is-carers-help\/","og_site_name":"Carers Help","article_modified_time":"2025-10-15T16:44:34+00:00","twitter_card":"summary_large_image","schema":{"@context":"https:\/\/schema.org","@graph":[{"@type":"WebPage","@id":"https:\/\/carershelp.com\/faq\/","url":"https:\/\/carershelp.com\/faq\/","name":"Domande frequenti","isPartOf":{"@id":"https:\/\/carershelp.com\/#website"},"datePublished":"2025-05-08T07:53:20+00:00","dateModified":"2025-10-15T16:44:34+00:00","breadcrumb":{"@id":"https:\/\/carershelp.com\/faq\/#breadcrumb"},"inLanguage":"it-IT","potentialAction":[{"@type":"ReadAction","target":["https:\/\/carershelp.com\/faq\/"]}]},{"@type":"BreadcrumbList","@id":"https:\/\/carershelp.com\/faq\/#breadcrumb","itemListElement":[{"@type":"ListItem","position":1,"name":"Home","item":"https:\/\/carershelp.com\/it\/"},{"@type":"ListItem","position":2,"name":"FAQ"}]},{"@type":"WebSite","@id":"https:\/\/carershelp.com\/#website","url":"https:\/\/carershelp.com\/","name":"Carers Help","description":"","potentialAction":[{"@type":"SearchAction","target":{"@type":"EntryPoint","urlTemplate":"https:\/\/carershelp.com\/?s={search_term_string}"},"query-input":{"@type":"PropertyValueSpecification","valueRequired":true,"valueName":"search_term_string"}}],"inLanguage":"it-IT"}]}},"_links":{"self":[{"href":"https:\/\/carershelp.com\/it\/wp-json\/wp\/v2\/pages\/130","targetHints":{"allow":["GET"]}}],"collection":[{"href":"https:\/\/carershelp.com\/it\/wp-json\/wp\/v2\/pages"}],"about":[{"href":"https:\/\/carershelp.com\/it\/wp-json\/wp\/v2\/types\/page"}],"author":[{"embeddable":true,"href":"https:\/\/carershelp.com\/it\/wp-json\/wp\/v2\/users\/1"}],"replies":[{"embeddable":true,"href":"https:\/\/carershelp.com\/it\/wp-json\/wp\/v2\/comments?post=130"}],"version-history":[{"count":12,"href":"https:\/\/carershelp.com\/it\/wp-json\/wp\/v2\/pages\/130\/revisions"}],"predecessor-version":[{"id":645,"href":"https:\/\/carershelp.com\/it\/wp-json\/wp\/v2\/pages\/130\/revisions\/645"}],"wp:attachment":[{"href":"https:\/\/carershelp.com\/it\/wp-json\/wp\/v2\/media?parent=130"}],"curies":[{"name":"wp","href":"https:\/\/api.w.org\/{rel}","templated":true}]}}