{"id":142,"date":"2025-05-08T12:51:15","date_gmt":"2025-05-08T12:51:15","guid":{"rendered":"http:\/\/localhost\/carers-help\/?page_id=142"},"modified":"2026-03-02T13:13:07","modified_gmt":"2026-03-02T13:13:07","slug":"about","status":"publish","type":"page","link":"https:\/\/carershelp.com\/it\/about\/","title":{"rendered":"Chi siamo"},"content":{"rendered":"<h2>Carers Help: il tuo partner nell&#8217;assistenza<\/h2>\n<h3>Gestire l&#8217;assistenza di una persona cara affetta da demenza o Alzheimer pu\u00f2 essere impegnativo.<\/h3>\n<p>Noi di Carers Help comprendiamo le sfide che le famiglie devono affrontare e siamo qui per aiutarti in ogni fase del percorso. La nostra app semplifica il coordinamento e la gestione dell&#8217;assistenza fornendo una piattaforma centralizzata per monitorare, comunicare e supportare gli assistenti che si prendono cura del tuo caro anziano. Che tu stia pianificando turni, monitorando i piani di assistenza o condividendo aggiornamenti importanti con il tuo team di assistenti, Carers Help semplifica la garanzia che il tuo caro riceva l&#8217;assistenza costante e attenta che merita.<\/p>\n<p>Con Carers Help puoi:<\/p>\n<ul>\n<li>Pianificare e monitorare facilmente i turni di badanti e familiari<\/li>\n<li>Condividere aggiornamenti e note in tempo reale con badanti e familiari<\/li>\n<li>Gestire gli straordinari dei badanti<\/li>\n<li>Tenere sotto controllo le piccole spese effettuate dal fondo cassa<\/li>\n<li>Impostare promemoria<\/li>\n<li>Assegnare attivit\u00e0<\/li>\n<li>Gestire la scorta di farmaci<\/li>\n<li>Rimanere in contatto con i propri cari, ovunque ti trovi<\/li>\n<\/ul>\n","protected":false},"excerpt":{"rendered":"<p>Carers Help: il tuo partner nell&#8217;assistenza Gestire l&#8217;assistenza di una persona cara affetta da demenza o Alzheimer pu\u00f2 essere impegnativo. Noi di Carers Help comprendiamo le sfide che le famiglie devono affrontare e siamo qui per aiutarti in ogni fase del percorso. La nostra app semplifica il coordinamento e la gestione dell&#8217;assistenza fornendo una piattaforma&hellip; <a class=\"more-link\" href=\"https:\/\/carershelp.com\/it\/about\/\">Continua a leggere <span class=\"screen-reader-text\">Chi siamo<\/span><\/a><\/p>\n","protected":false},"author":1,"featured_media":151,"parent":0,"menu_order":0,"comment_status":"closed","ping_status":"closed","template":"template\/about.php","meta":{"_acf_changed":false,"inline_featured_image":false,"footnotes":""},"class_list":["post-142","page","type-page","status-publish","has-post-thumbnail","hentry","entry"],"acf":[],"yoast_head":"<!-- This site is optimized with the Yoast SEO plugin v26.6 - https:\/\/yoast.com\/wordpress\/plugins\/seo\/ -->\n<title>Chi siamo<\/title>\n<meta name=\"description\" content=\"Noi di Carers Help comprendiamo le sfide che le famiglie devono affrontare e siamo qui per aiutarti in ogni fase del percorso. La nostra app semplifica il coordinamento e la gestione dell&#039;assistenza fornendo una piattaforma centralizzata per monitorare, comunicare e supportare gli assistenti che si prendono cura del tuo caro anziano.\" \/>\n<meta name=\"robots\" content=\"index, follow, max-snippet:-1, max-image-preview:large, max-video-preview:-1\" \/>\n<link rel=\"canonical\" href=\"https:\/\/carershelp.com\/it\/about\/\" \/>\n<meta property=\"og:locale\" content=\"it_IT\" \/>\n<meta property=\"og:locale:alternate\" content=\"en_AU\" \/>\n<meta property=\"og:locale:alternate\" content=\"de_DE\" \/>\n<meta property=\"og:locale:alternate\" content=\"es_ES\" \/>\n<meta property=\"og:locale:alternate\" content=\"ro_RO\" \/>\n<meta property=\"og:type\" content=\"article\" \/>\n<meta property=\"og:title\" content=\"Chi siamo\" \/>\n<meta property=\"og:description\" content=\"Noi di Carers Help comprendiamo le sfide che le famiglie devono affrontare e siamo qui per aiutarti in ogni fase del percorso. La nostra app semplifica il coordinamento e la gestione dell&#039;assistenza fornendo una piattaforma centralizzata per monitorare, comunicare e supportare gli assistenti che si prendono cura del tuo caro anziano.\" \/>\n<meta property=\"og:url\" content=\"https:\/\/carershelp.com\/it\/about\/\" \/>\n<meta property=\"og:site_name\" content=\"Carers Help\" \/>\n<meta property=\"article:modified_time\" content=\"2026-03-02T13:13:07+00:00\" \/>\n<meta property=\"og:image\" content=\"https:\/\/carershelp.com\/wp-content\/uploads\/2025\/05\/about-img.jpg\" \/>\n\t<meta property=\"og:image:width\" content=\"446\" \/>\n\t<meta property=\"og:image:height\" content=\"443\" \/>\n\t<meta property=\"og:image:type\" content=\"image\/jpeg\" \/>\n<meta name=\"twitter:card\" content=\"summary_large_image\" \/>\n<meta name=\"twitter:label1\" content=\"Tempo di lettura stimato\" \/>\n\t<meta name=\"twitter:data1\" content=\"1 minuto\" \/>\n<script type=\"application\/ld+json\" class=\"yoast-schema-graph\">{\"@context\":\"https:\/\/schema.org\",\"@graph\":[{\"@type\":\"WebPage\",\"@id\":\"https:\/\/carershelp.com\/ro\/about\/\",\"url\":\"https:\/\/carershelp.com\/ro\/about\/\",\"name\":\"Chi siamo\",\"isPartOf\":{\"@id\":\"https:\/\/carershelp.com\/#website\"},\"primaryImageOfPage\":{\"@id\":\"https:\/\/carershelp.com\/ro\/about\/#primaryimage\"},\"image\":{\"@id\":\"https:\/\/carershelp.com\/ro\/about\/#primaryimage\"},\"thumbnailUrl\":\"https:\/\/carershelp.com\/wp-content\/uploads\/2025\/05\/about-img.jpg\",\"datePublished\":\"2025-05-08T12:51:15+00:00\",\"dateModified\":\"2026-03-02T13:13:07+00:00\",\"description\":\"Noi di Carers Help comprendiamo le sfide che le famiglie devono affrontare e siamo qui per aiutarti in ogni fase del percorso. La nostra app semplifica il coordinamento e la gestione dell'assistenza fornendo una piattaforma centralizzata per monitorare, comunicare e supportare gli assistenti che si prendono cura del tuo caro anziano.\",\"breadcrumb\":{\"@id\":\"https:\/\/carershelp.com\/ro\/about\/#breadcrumb\"},\"inLanguage\":\"it-IT\",\"potentialAction\":[{\"@type\":\"ReadAction\",\"target\":[\"https:\/\/carershelp.com\/ro\/about\/\"]}]},{\"@type\":\"ImageObject\",\"inLanguage\":\"it-IT\",\"@id\":\"https:\/\/carershelp.com\/ro\/about\/#primaryimage\",\"url\":\"https:\/\/carershelp.com\/wp-content\/uploads\/2025\/05\/about-img.jpg\",\"contentUrl\":\"https:\/\/carershelp.com\/wp-content\/uploads\/2025\/05\/about-img.jpg\",\"width\":446,\"height\":443},{\"@type\":\"BreadcrumbList\",\"@id\":\"https:\/\/carershelp.com\/ro\/about\/#breadcrumb\",\"itemListElement\":[{\"@type\":\"ListItem\",\"position\":1,\"name\":\"Home\",\"item\":\"https:\/\/carershelp.com\/it\/\"},{\"@type\":\"ListItem\",\"position\":2,\"name\":\"Despre noi\"}]},{\"@type\":\"WebSite\",\"@id\":\"https:\/\/carershelp.com\/#website\",\"url\":\"https:\/\/carershelp.com\/\",\"name\":\"Carers Help\",\"description\":\"\",\"potentialAction\":[{\"@type\":\"SearchAction\",\"target\":{\"@type\":\"EntryPoint\",\"urlTemplate\":\"https:\/\/carershelp.com\/?s={search_term_string}\"},\"query-input\":{\"@type\":\"PropertyValueSpecification\",\"valueRequired\":true,\"valueName\":\"search_term_string\"}}],\"inLanguage\":\"it-IT\"}]}<\/script>\n<!-- \/ Yoast SEO plugin. -->","yoast_head_json":{"title":"Chi siamo","description":"Noi di Carers Help comprendiamo le sfide che le famiglie devono affrontare e siamo qui per aiutarti in ogni fase del percorso. La nostra app semplifica il coordinamento e la gestione dell'assistenza fornendo una piattaforma centralizzata per monitorare, comunicare e supportare gli assistenti che si prendono cura del tuo caro anziano.","robots":{"index":"index","follow":"follow","max-snippet":"max-snippet:-1","max-image-preview":"max-image-preview:large","max-video-preview":"max-video-preview:-1"},"canonical":"https:\/\/carershelp.com\/it\/about\/","og_locale":"it_IT","og_type":"article","og_title":"[:en]About[:it]Chi siamo[:de]\u00dcber uns[:es]Sobre nosotros[:ro]Despre noi[:] - Carers Help","og_description":"[:en]Managing the care of a loved one with Dementia or Alzheimer\u2019s can be overwhelming. At Carers Help, we understand the challenges families face, and we\u2019re here to help you every step of the way.[:it]Noi di Carers Help comprendiamo le sfide che le famiglie devono affrontare e siamo qui per aiutarti in ogni fase del percorso. La nostra app semplifica il coordinamento e la gestione dell'assistenza fornendo una piattaforma centralizzata per monitorare, comunicare e supportare gli assistenti che si prendono cura del tuo caro anziano.[:de]Die Verwaltung der Pflege eines geliebten Menschen mit Demenz oder Alzheimer kann eine Herausforderung sein. Wir bei Carers Help verstehen die Herausforderungen, mit denen Familien konfrontiert sind, und sind hier, um Sie bei jedem Schritt zu unterst\u00fctzen.[:es]Cuidar de un ser querido con demencia o Alzheimer puede ser abrumador. En Carers Help, comprendemos los retos a los que se enfrentan las familias, y estamos aqu\u00ed para ayudarte en cada paso del camino.[:ro]Gestionarea \u00eengrijirii unei persoane dragi care sufer\u0103 de demen\u021b\u0103 sau Alzheimer poate fi cople\u0219itoare. La Carers Help, \u00een\u021belegem provoc\u0103rile cu care se confrunt\u0103 familiile \u0219i suntem aici pentru a v\u0103 ajuta la fiecare pas.[:]","og_url":"https:\/\/carershelp.com\/it\/about\/","og_site_name":"Carers Help","article_modified_time":"2026-03-02T13:13:07+00:00","og_image":[{"width":446,"height":443,"url":"https:\/\/carershelp.com\/wp-content\/uploads\/2025\/05\/about-img.jpg","type":"image\/jpeg"}],"twitter_card":"summary_large_image","twitter_misc":{"Tempo di lettura stimato":"1 minuto"},"schema":{"@context":"https:\/\/schema.org","@graph":[{"@type":"WebPage","@id":"https:\/\/carershelp.com\/ro\/about\/","url":"https:\/\/carershelp.com\/ro\/about\/","name":"Chi siamo","isPartOf":{"@id":"https:\/\/carershelp.com\/#website"},"primaryImageOfPage":{"@id":"https:\/\/carershelp.com\/ro\/about\/#primaryimage"},"image":{"@id":"https:\/\/carershelp.com\/ro\/about\/#primaryimage"},"thumbnailUrl":"https:\/\/carershelp.com\/wp-content\/uploads\/2025\/05\/about-img.jpg","datePublished":"2025-05-08T12:51:15+00:00","dateModified":"2026-03-02T13:13:07+00:00","description":"Noi di Carers Help comprendiamo le sfide che le famiglie devono affrontare e siamo qui per aiutarti in ogni fase del percorso. La nostra app semplifica il coordinamento e la gestione dell'assistenza fornendo una piattaforma centralizzata per monitorare, comunicare e supportare gli assistenti che si prendono cura del tuo caro anziano.","breadcrumb":{"@id":"https:\/\/carershelp.com\/ro\/about\/#breadcrumb"},"inLanguage":"it-IT","potentialAction":[{"@type":"ReadAction","target":["https:\/\/carershelp.com\/ro\/about\/"]}]},{"@type":"ImageObject","inLanguage":"it-IT","@id":"https:\/\/carershelp.com\/ro\/about\/#primaryimage","url":"https:\/\/carershelp.com\/wp-content\/uploads\/2025\/05\/about-img.jpg","contentUrl":"https:\/\/carershelp.com\/wp-content\/uploads\/2025\/05\/about-img.jpg","width":446,"height":443},{"@type":"BreadcrumbList","@id":"https:\/\/carershelp.com\/ro\/about\/#breadcrumb","itemListElement":[{"@type":"ListItem","position":1,"name":"Home","item":"https:\/\/carershelp.com\/it\/"},{"@type":"ListItem","position":2,"name":"Despre noi"}]},{"@type":"WebSite","@id":"https:\/\/carershelp.com\/#website","url":"https:\/\/carershelp.com\/","name":"Carers Help","description":"","potentialAction":[{"@type":"SearchAction","target":{"@type":"EntryPoint","urlTemplate":"https:\/\/carershelp.com\/?s={search_term_string}"},"query-input":{"@type":"PropertyValueSpecification","valueRequired":true,"valueName":"search_term_string"}}],"inLanguage":"it-IT"}]}},"_links":{"self":[{"href":"https:\/\/carershelp.com\/it\/wp-json\/wp\/v2\/pages\/142","targetHints":{"allow":["GET"]}}],"collection":[{"href":"https:\/\/carershelp.com\/it\/wp-json\/wp\/v2\/pages"}],"about":[{"href":"https:\/\/carershelp.com\/it\/wp-json\/wp\/v2\/types\/page"}],"author":[{"embeddable":true,"href":"https:\/\/carershelp.com\/it\/wp-json\/wp\/v2\/users\/1"}],"replies":[{"embeddable":true,"href":"https:\/\/carershelp.com\/it\/wp-json\/wp\/v2\/comments?post=142"}],"version-history":[{"count":39,"href":"https:\/\/carershelp.com\/it\/wp-json\/wp\/v2\/pages\/142\/revisions"}],"predecessor-version":[{"id":706,"href":"https:\/\/carershelp.com\/it\/wp-json\/wp\/v2\/pages\/142\/revisions\/706"}],"wp:featuredmedia":[{"embeddable":true,"href":"https:\/\/carershelp.com\/it\/wp-json\/wp\/v2\/media\/151"}],"wp:attachment":[{"href":"https:\/\/carershelp.com\/it\/wp-json\/wp\/v2\/media?parent=142"}],"curies":[{"name":"wp","href":"https:\/\/api.w.org\/{rel}","templated":true}]}}