{"id":142,"date":"2025-05-08T12:51:15","date_gmt":"2025-05-08T12:51:15","guid":{"rendered":"http:\/\/localhost\/carers-help\/?page_id=142"},"modified":"2026-03-02T13:13:07","modified_gmt":"2026-03-02T13:13:07","slug":"about","status":"publish","type":"page","link":"https:\/\/carershelp.com\/ro\/about\/","title":{"rendered":"Despre noi"},"content":{"rendered":"<h2>Carers Help &#8211; Partenerul dvs. \u00een \u00eengrijire<\/h2>\n<h3>Gestionarea \u00eengrijirii unei persoane dragi care sufer\u0103 de demen\u021b\u0103 sau Alzheimer poate fi cople\u0219itoare. La Carers Help, \u00een\u021belegem provoc\u0103rile cu care se confrunt\u0103 familiile \u0219i suntem aici pentru a v\u0103 ajuta la fiecare pas.<\/h3>\n<p>Aplica\u021bia noastr\u0103 simplific\u0103 coordonarea \u0219i gestionarea \u00eengrijirii, oferindu-v\u0103 o platform\u0103 centralizat\u0103 pentru a urm\u0103ri, comunica \u0219i sprijini \u00eengrijitorii care au grij\u0103 de persoana v\u00e2rstnic\u0103 drag\u0103. Fie c\u0103 programa\u021bi ture, monitoriza\u021bi planurile de \u00eengrijire sau \u00eemp\u0103rt\u0103\u0219i\u021bi nout\u0103\u021bi importante cu echipa dvs. de \u00eengrijitori, Carers Help v\u0103 ajut\u0103 s\u0103 v\u0103 asigura\u021bi c\u0103 persoana drag\u0103 prime\u0219te \u00eengrijirea consecvent\u0103 \u0219i plin\u0103 de compasiune pe care o merit\u0103.<\/p>\n<p>Cu Carers Help pute\u021bi:<\/p>\n<ul>\n<li>Programa \u0219i urm\u0103ri cu u\u0219urin\u021b\u0103 turele \u00eengrijitorilor<\/li>\n<li>Partaja actualiz\u0103ri \u0219i note \u00een timp real cu \u00eengrijitorii<\/li>\n<li>Gestiona orele suplimentare ale \u00eengrijitorilor<\/li>\n<li>P\u0103stra controlul asupra fondurilor alocate pentru cheltuieli m\u0103runte<\/li>\n<li>Configura mementouri<\/li>\n<li>Aloca sarcini<\/li>\n<li>Gestiona stocul de medicamente<\/li>\n<\/ul>\n<p>R\u0103m\u00e2ne\u021bi \u00een leg\u0103tur\u0103 cu persoanele dragi, indiferent unde v\u0103 afla\u021bi<\/p>\n","protected":false},"excerpt":{"rendered":"<p>Carers Help &#8211; Partenerul dvs. \u00een \u00eengrijire Gestionarea \u00eengrijirii unei persoane dragi care sufer\u0103 de demen\u021b\u0103 sau Alzheimer poate fi cople\u0219itoare. La Carers Help, \u00een\u021belegem provoc\u0103rile cu care se confrunt\u0103 familiile \u0219i suntem aici pentru a v\u0103 ajuta la fiecare pas. Aplica\u021bia noastr\u0103 simplific\u0103 coordonarea \u0219i gestionarea \u00eengrijirii, oferindu-v\u0103 o platform\u0103 centralizat\u0103 pentru a urm\u0103ri,&hellip; <a class=\"more-link\" href=\"https:\/\/carershelp.com\/ro\/about\/\">Continue reading <span class=\"screen-reader-text\">Despre noi<\/span><\/a><\/p>\n","protected":false},"author":1,"featured_media":151,"parent":0,"menu_order":0,"comment_status":"closed","ping_status":"closed","template":"template\/about.php","meta":{"_acf_changed":false,"inline_featured_image":false,"footnotes":""},"class_list":["post-142","page","type-page","status-publish","has-post-thumbnail","hentry","entry"],"acf":[],"yoast_head":"<!-- This site is optimized with the Yoast SEO plugin v26.6 - https:\/\/yoast.com\/wordpress\/plugins\/seo\/ -->\n<title>Despre noi<\/title>\n<meta name=\"description\" content=\"Gestionarea \u00eengrijirii unei persoane dragi care sufer\u0103 de demen\u021b\u0103 sau Alzheimer poate fi cople\u0219itoare. La Carers Help, \u00een\u021belegem provoc\u0103rile cu care se confrunt\u0103 familiile \u0219i suntem aici pentru a v\u0103 ajuta la fiecare pas.\" \/>\n<meta name=\"robots\" content=\"index, follow, max-snippet:-1, max-image-preview:large, max-video-preview:-1\" \/>\n<link rel=\"canonical\" href=\"https:\/\/carershelp.com\/ro\/about\/\" \/>\n<meta property=\"og:locale\" content=\"en_US\" \/>\n<meta property=\"og:locale:alternate\" content=\"en_AU\" \/>\n<meta property=\"og:locale:alternate\" content=\"it_IT\" \/>\n<meta property=\"og:locale:alternate\" content=\"de_DE\" \/>\n<meta property=\"og:locale:alternate\" content=\"es_ES\" \/>\n<meta property=\"og:type\" content=\"article\" \/>\n<meta property=\"og:title\" content=\"Despre noi\" \/>\n<meta property=\"og:description\" content=\"Gestionarea \u00eengrijirii unei persoane dragi care sufer\u0103 de demen\u021b\u0103 sau Alzheimer poate fi cople\u0219itoare. La Carers Help, \u00een\u021belegem provoc\u0103rile cu care se confrunt\u0103 familiile \u0219i suntem aici pentru a v\u0103 ajuta la fiecare pas.\" \/>\n<meta property=\"og:url\" content=\"https:\/\/carershelp.com\/ro\/about\/\" \/>\n<meta property=\"og:site_name\" content=\"Carers Help\" \/>\n<meta property=\"article:modified_time\" content=\"2026-03-02T13:13:07+00:00\" \/>\n<meta property=\"og:image\" content=\"https:\/\/carershelp.com\/wp-content\/uploads\/2025\/05\/about-img.jpg\" \/>\n\t<meta property=\"og:image:width\" content=\"446\" \/>\n\t<meta property=\"og:image:height\" content=\"443\" \/>\n\t<meta property=\"og:image:type\" content=\"image\/jpeg\" \/>\n<meta name=\"twitter:card\" content=\"summary_large_image\" \/>\n<meta name=\"twitter:label1\" content=\"Est. reading time\" \/>\n\t<meta name=\"twitter:data1\" content=\"1 minute\" \/>\n<script type=\"application\/ld+json\" class=\"yoast-schema-graph\">{\"@context\":\"https:\/\/schema.org\",\"@graph\":[{\"@type\":\"WebPage\",\"@id\":\"https:\/\/carershelp.com\/ro\/about\/\",\"url\":\"https:\/\/carershelp.com\/ro\/about\/\",\"name\":\"Despre noi\",\"isPartOf\":{\"@id\":\"https:\/\/carershelp.com\/#website\"},\"primaryImageOfPage\":{\"@id\":\"https:\/\/carershelp.com\/ro\/about\/#primaryimage\"},\"image\":{\"@id\":\"https:\/\/carershelp.com\/ro\/about\/#primaryimage\"},\"thumbnailUrl\":\"https:\/\/carershelp.com\/wp-content\/uploads\/2025\/05\/about-img.jpg\",\"datePublished\":\"2025-05-08T12:51:15+00:00\",\"dateModified\":\"2026-03-02T13:13:07+00:00\",\"description\":\"Gestionarea \u00eengrijirii unei persoane dragi care sufer\u0103 de demen\u021b\u0103 sau Alzheimer poate fi cople\u0219itoare. La Carers Help, \u00een\u021belegem provoc\u0103rile cu care se confrunt\u0103 familiile \u0219i suntem aici pentru a v\u0103 ajuta la fiecare pas.\",\"breadcrumb\":{\"@id\":\"https:\/\/carershelp.com\/ro\/about\/#breadcrumb\"},\"inLanguage\":\"en-US\",\"potentialAction\":[{\"@type\":\"ReadAction\",\"target\":[\"https:\/\/carershelp.com\/ro\/about\/\"]}]},{\"@type\":\"ImageObject\",\"inLanguage\":\"en-US\",\"@id\":\"https:\/\/carershelp.com\/ro\/about\/#primaryimage\",\"url\":\"https:\/\/carershelp.com\/wp-content\/uploads\/2025\/05\/about-img.jpg\",\"contentUrl\":\"https:\/\/carershelp.com\/wp-content\/uploads\/2025\/05\/about-img.jpg\",\"width\":446,\"height\":443},{\"@type\":\"BreadcrumbList\",\"@id\":\"https:\/\/carershelp.com\/ro\/about\/#breadcrumb\",\"itemListElement\":[{\"@type\":\"ListItem\",\"position\":1,\"name\":\"Home\",\"item\":\"https:\/\/carershelp.com\/it\/\"},{\"@type\":\"ListItem\",\"position\":2,\"name\":\"Despre noi\"}]},{\"@type\":\"WebSite\",\"@id\":\"https:\/\/carershelp.com\/#website\",\"url\":\"https:\/\/carershelp.com\/\",\"name\":\"Carers Help\",\"description\":\"\",\"potentialAction\":[{\"@type\":\"SearchAction\",\"target\":{\"@type\":\"EntryPoint\",\"urlTemplate\":\"https:\/\/carershelp.com\/?s={search_term_string}\"},\"query-input\":{\"@type\":\"PropertyValueSpecification\",\"valueRequired\":true,\"valueName\":\"search_term_string\"}}],\"inLanguage\":\"en-US\"}]}<\/script>\n<!-- \/ Yoast SEO plugin. -->","yoast_head_json":{"title":"Despre noi","description":"Gestionarea \u00eengrijirii unei persoane dragi care sufer\u0103 de demen\u021b\u0103 sau Alzheimer poate fi cople\u0219itoare. La Carers Help, \u00een\u021belegem provoc\u0103rile cu care se confrunt\u0103 familiile \u0219i suntem aici pentru a v\u0103 ajuta la fiecare pas.","robots":{"index":"index","follow":"follow","max-snippet":"max-snippet:-1","max-image-preview":"max-image-preview:large","max-video-preview":"max-video-preview:-1"},"canonical":"https:\/\/carershelp.com\/ro\/about\/","og_locale":"en_US","og_type":"article","og_title":"[:en]About[:it]Chi siamo[:de]\u00dcber uns[:es]Sobre nosotros[:ro]Despre noi[:] - Carers Help","og_description":"[:en]Managing the care of a loved one with Dementia or Alzheimer\u2019s can be overwhelming. At Carers Help, we understand the challenges families face, and we\u2019re here to help you every step of the way.[:it]Noi di Carers Help comprendiamo le sfide che le famiglie devono affrontare e siamo qui per aiutarti in ogni fase del percorso. La nostra app semplifica il coordinamento e la gestione dell'assistenza fornendo una piattaforma centralizzata per monitorare, comunicare e supportare gli assistenti che si prendono cura del tuo caro anziano.[:de]Die Verwaltung der Pflege eines geliebten Menschen mit Demenz oder Alzheimer kann eine Herausforderung sein. Wir bei Carers Help verstehen die Herausforderungen, mit denen Familien konfrontiert sind, und sind hier, um Sie bei jedem Schritt zu unterst\u00fctzen.[:es]Cuidar de un ser querido con demencia o Alzheimer puede ser abrumador. En Carers Help, comprendemos los retos a los que se enfrentan las familias, y estamos aqu\u00ed para ayudarte en cada paso del camino.[:ro]Gestionarea \u00eengrijirii unei persoane dragi care sufer\u0103 de demen\u021b\u0103 sau Alzheimer poate fi cople\u0219itoare. La Carers Help, \u00een\u021belegem provoc\u0103rile cu care se confrunt\u0103 familiile \u0219i suntem aici pentru a v\u0103 ajuta la fiecare pas.[:]","og_url":"https:\/\/carershelp.com\/ro\/about\/","og_site_name":"Carers Help","article_modified_time":"2026-03-02T13:13:07+00:00","og_image":[{"width":446,"height":443,"url":"https:\/\/carershelp.com\/wp-content\/uploads\/2025\/05\/about-img.jpg","type":"image\/jpeg"}],"twitter_card":"summary_large_image","twitter_misc":{"Est. reading time":"1 minute"},"schema":{"@context":"https:\/\/schema.org","@graph":[{"@type":"WebPage","@id":"https:\/\/carershelp.com\/ro\/about\/","url":"https:\/\/carershelp.com\/ro\/about\/","name":"Despre noi","isPartOf":{"@id":"https:\/\/carershelp.com\/#website"},"primaryImageOfPage":{"@id":"https:\/\/carershelp.com\/ro\/about\/#primaryimage"},"image":{"@id":"https:\/\/carershelp.com\/ro\/about\/#primaryimage"},"thumbnailUrl":"https:\/\/carershelp.com\/wp-content\/uploads\/2025\/05\/about-img.jpg","datePublished":"2025-05-08T12:51:15+00:00","dateModified":"2026-03-02T13:13:07+00:00","description":"Gestionarea \u00eengrijirii unei persoane dragi care sufer\u0103 de demen\u021b\u0103 sau Alzheimer poate fi cople\u0219itoare. La Carers Help, \u00een\u021belegem provoc\u0103rile cu care se confrunt\u0103 familiile \u0219i suntem aici pentru a v\u0103 ajuta la fiecare pas.","breadcrumb":{"@id":"https:\/\/carershelp.com\/ro\/about\/#breadcrumb"},"inLanguage":"en-US","potentialAction":[{"@type":"ReadAction","target":["https:\/\/carershelp.com\/ro\/about\/"]}]},{"@type":"ImageObject","inLanguage":"en-US","@id":"https:\/\/carershelp.com\/ro\/about\/#primaryimage","url":"https:\/\/carershelp.com\/wp-content\/uploads\/2025\/05\/about-img.jpg","contentUrl":"https:\/\/carershelp.com\/wp-content\/uploads\/2025\/05\/about-img.jpg","width":446,"height":443},{"@type":"BreadcrumbList","@id":"https:\/\/carershelp.com\/ro\/about\/#breadcrumb","itemListElement":[{"@type":"ListItem","position":1,"name":"Home","item":"https:\/\/carershelp.com\/it\/"},{"@type":"ListItem","position":2,"name":"Despre noi"}]},{"@type":"WebSite","@id":"https:\/\/carershelp.com\/#website","url":"https:\/\/carershelp.com\/","name":"Carers Help","description":"","potentialAction":[{"@type":"SearchAction","target":{"@type":"EntryPoint","urlTemplate":"https:\/\/carershelp.com\/?s={search_term_string}"},"query-input":{"@type":"PropertyValueSpecification","valueRequired":true,"valueName":"search_term_string"}}],"inLanguage":"en-US"}]}},"_links":{"self":[{"href":"https:\/\/carershelp.com\/ro\/wp-json\/wp\/v2\/pages\/142","targetHints":{"allow":["GET"]}}],"collection":[{"href":"https:\/\/carershelp.com\/ro\/wp-json\/wp\/v2\/pages"}],"about":[{"href":"https:\/\/carershelp.com\/ro\/wp-json\/wp\/v2\/types\/page"}],"author":[{"embeddable":true,"href":"https:\/\/carershelp.com\/ro\/wp-json\/wp\/v2\/users\/1"}],"replies":[{"embeddable":true,"href":"https:\/\/carershelp.com\/ro\/wp-json\/wp\/v2\/comments?post=142"}],"version-history":[{"count":39,"href":"https:\/\/carershelp.com\/ro\/wp-json\/wp\/v2\/pages\/142\/revisions"}],"predecessor-version":[{"id":706,"href":"https:\/\/carershelp.com\/ro\/wp-json\/wp\/v2\/pages\/142\/revisions\/706"}],"wp:featuredmedia":[{"embeddable":true,"href":"https:\/\/carershelp.com\/ro\/wp-json\/wp\/v2\/media\/151"}],"wp:attachment":[{"href":"https:\/\/carershelp.com\/ro\/wp-json\/wp\/v2\/media?parent=142"}],"curies":[{"name":"wp","href":"https:\/\/api.w.org\/{rel}","templated":true}]}}