{"id":8,"date":"2025-05-05T06:16:37","date_gmt":"2025-05-05T06:16:37","guid":{"rendered":"http:\/\/localhost\/carers-help\/?page_id=8"},"modified":"2026-03-02T13:09:39","modified_gmt":"2026-03-02T13:09:39","slug":"home","status":"publish","type":"page","link":"https:\/\/carershelp.com\/ro\/","title":{"rendered":"Acas\u0103"},"content":{"rendered":"<p>Cu <em>Carers Help<\/em>, pute\u021bi parcurge cu \u00eencredere c\u0103l\u0103toria dvs. de \u00eengrijire, asigur\u00e2ndu-v\u0103 c\u0103 persoana drag\u0103 beneficiaz\u0103 de cel mai bun sprijin, indiferent unde v\u0103 afla\u021bi.<\/p>\n","protected":false},"excerpt":{"rendered":"<p>Cu Carers Help, pute\u021bi parcurge cu \u00eencredere c\u0103l\u0103toria dvs. de \u00eengrijire, asigur\u00e2ndu-v\u0103 c\u0103 persoana drag\u0103 beneficiaz\u0103 de cel mai bun sprijin, indiferent unde v\u0103 afla\u021bi.<\/p>\n","protected":false},"author":1,"featured_media":0,"parent":0,"menu_order":0,"comment_status":"closed","ping_status":"closed","template":"home.php","meta":{"_acf_changed":false,"inline_featured_image":false,"footnotes":""},"class_list":["post-8","page","type-page","status-publish","hentry","entry"],"acf":[],"yoast_head":"<!-- This site is optimized with the Yoast SEO plugin v26.6 - https:\/\/yoast.com\/wordpress\/plugins\/seo\/ -->\n<title>Acas\u0103<\/title>\n<meta name=\"robots\" content=\"index, follow, max-snippet:-1, max-image-preview:large, max-video-preview:-1\" \/>\n<link rel=\"canonical\" href=\"https:\/\/carershelp.com\/ro\/\" \/>\n<meta property=\"og:locale\" content=\"en_US\" \/>\n<meta property=\"og:locale:alternate\" content=\"en_AU\" \/>\n<meta property=\"og:locale:alternate\" content=\"it_IT\" \/>\n<meta property=\"og:locale:alternate\" content=\"de_DE\" \/>\n<meta property=\"og:locale:alternate\" content=\"es_ES\" \/>\n<meta property=\"og:type\" content=\"article\" \/>\n<meta property=\"og:title\" content=\"Acas\u0103\" \/>\n<meta property=\"og:description\" content=\"Cu Carers Help, pute\u021bi parcurge cu \u00eencredere c\u0103l\u0103toria dvs. de \u00eengrijire, asigur\u00e2ndu-v\u0103 c\u0103 persoana drag\u0103 beneficiaz\u0103 de cel mai bun sprijin, indiferent unde v\u0103 afla\u021bi.\" \/>\n<meta property=\"og:url\" content=\"https:\/\/carershelp.com\/ro\/\" \/>\n<meta property=\"og:site_name\" content=\"Carers Help\" \/>\n<meta property=\"article:modified_time\" content=\"2026-03-02T13:09:39+00:00\" \/>\n<meta name=\"twitter:card\" content=\"summary_large_image\" \/>\n<meta name=\"twitter:label1\" content=\"Est. reading time\" \/>\n\t<meta name=\"twitter:data1\" content=\"1 minute\" \/>\n<script type=\"application\/ld+json\" class=\"yoast-schema-graph\">{\"@context\":\"https:\/\/schema.org\",\"@graph\":[{\"@type\":\"WebPage\",\"@id\":\"https:\/\/carershelp.com\/it\/\",\"url\":\"https:\/\/carershelp.com\/it\/\",\"name\":\"Acas\u0103\",\"isPartOf\":{\"@id\":\"https:\/\/carershelp.com\/#website\"},\"datePublished\":\"2025-05-05T06:16:37+00:00\",\"dateModified\":\"2026-03-02T13:09:39+00:00\",\"breadcrumb\":{\"@id\":\"https:\/\/carershelp.com\/it\/#breadcrumb\"},\"inLanguage\":\"en-US\",\"potentialAction\":[{\"@type\":\"ReadAction\",\"target\":[\"https:\/\/carershelp.com\/it\/\"]}]},{\"@type\":\"BreadcrumbList\",\"@id\":\"https:\/\/carershelp.com\/it\/#breadcrumb\",\"itemListElement\":[{\"@type\":\"ListItem\",\"position\":1,\"name\":\"Home\",\"item\":\"https:\/\/carershelp.com\/it\/\"},{\"@type\":\"ListItem\",\"position\":2,\"name\":\"Home\"}]},{\"@type\":\"WebSite\",\"@id\":\"https:\/\/carershelp.com\/#website\",\"url\":\"https:\/\/carershelp.com\/\",\"name\":\"Carers Help\",\"description\":\"\",\"potentialAction\":[{\"@type\":\"SearchAction\",\"target\":{\"@type\":\"EntryPoint\",\"urlTemplate\":\"https:\/\/carershelp.com\/?s={search_term_string}\"},\"query-input\":{\"@type\":\"PropertyValueSpecification\",\"valueRequired\":true,\"valueName\":\"search_term_string\"}}],\"inLanguage\":\"en-US\"}]}<\/script>\n<!-- \/ Yoast SEO plugin. -->","yoast_head_json":{"title":"Acas\u0103","robots":{"index":"index","follow":"follow","max-snippet":"max-snippet:-1","max-image-preview":"max-image-preview:large","max-video-preview":"max-video-preview:-1"},"canonical":"https:\/\/carershelp.com\/ro\/","og_locale":"en_US","og_type":"article","og_title":"[:en]Home[:it]Home[:de]Heim[:es]Inicio[:ro]Acas\u0103[:] - Carers Help","og_description":"Cu Carers Help, pute\u021bi parcurge cu \u00eencredere c\u0103l\u0103toria dvs. de \u00eengrijire, asigur\u00e2ndu-v\u0103 c\u0103 persoana drag\u0103 beneficiaz\u0103 de cel mai bun sprijin, indiferent unde v\u0103 afla\u021bi.","og_url":"https:\/\/carershelp.com\/ro\/","og_site_name":"Carers Help","article_modified_time":"2026-03-02T13:09:39+00:00","twitter_card":"summary_large_image","twitter_misc":{"Est. reading time":"1 minute"},"schema":{"@context":"https:\/\/schema.org","@graph":[{"@type":"WebPage","@id":"https:\/\/carershelp.com\/it\/","url":"https:\/\/carershelp.com\/it\/","name":"Acas\u0103","isPartOf":{"@id":"https:\/\/carershelp.com\/#website"},"datePublished":"2025-05-05T06:16:37+00:00","dateModified":"2026-03-02T13:09:39+00:00","breadcrumb":{"@id":"https:\/\/carershelp.com\/it\/#breadcrumb"},"inLanguage":"en-US","potentialAction":[{"@type":"ReadAction","target":["https:\/\/carershelp.com\/it\/"]}]},{"@type":"BreadcrumbList","@id":"https:\/\/carershelp.com\/it\/#breadcrumb","itemListElement":[{"@type":"ListItem","position":1,"name":"Home","item":"https:\/\/carershelp.com\/it\/"},{"@type":"ListItem","position":2,"name":"Home"}]},{"@type":"WebSite","@id":"https:\/\/carershelp.com\/#website","url":"https:\/\/carershelp.com\/","name":"Carers Help","description":"","potentialAction":[{"@type":"SearchAction","target":{"@type":"EntryPoint","urlTemplate":"https:\/\/carershelp.com\/?s={search_term_string}"},"query-input":{"@type":"PropertyValueSpecification","valueRequired":true,"valueName":"search_term_string"}}],"inLanguage":"en-US"}]}},"_links":{"self":[{"href":"https:\/\/carershelp.com\/ro\/wp-json\/wp\/v2\/pages\/8","targetHints":{"allow":["GET"]}}],"collection":[{"href":"https:\/\/carershelp.com\/ro\/wp-json\/wp\/v2\/pages"}],"about":[{"href":"https:\/\/carershelp.com\/ro\/wp-json\/wp\/v2\/types\/page"}],"author":[{"embeddable":true,"href":"https:\/\/carershelp.com\/ro\/wp-json\/wp\/v2\/users\/1"}],"replies":[{"embeddable":true,"href":"https:\/\/carershelp.com\/ro\/wp-json\/wp\/v2\/comments?post=8"}],"version-history":[{"count":122,"href":"https:\/\/carershelp.com\/ro\/wp-json\/wp\/v2\/pages\/8\/revisions"}],"predecessor-version":[{"id":846,"href":"https:\/\/carershelp.com\/ro\/wp-json\/wp\/v2\/pages\/8\/revisions\/846"}],"wp:attachment":[{"href":"https:\/\/carershelp.com\/ro\/wp-json\/wp\/v2\/media?parent=8"}],"curies":[{"name":"wp","href":"https:\/\/api.w.org\/{rel}","templated":true}]}}